{"id":16721,"date":"2021-03-05T21:57:46","date_gmt":"2021-03-05T20:57:46","guid":{"rendered":"https:\/\/www.leshaka.com\/?page_id=16721"},"modified":"2022-09-27T09:59:57","modified_gmt":"2022-09-27T07:59:57","slug":"seignosse","status":"publish","type":"page","link":"https:\/\/www.leshaka.com\/es\/seignosse\/","title":{"rendered":"SEIGNOSSE"},"content":{"rendered":"\t\t<div data-elementor-type=\"wp-page\" data-elementor-id=\"16721\" class=\"elementor elementor-16721 elementor-14836\" data-elementor-post-type=\"page\">\n\t\t\t\t\t\t<section class=\"elementor-section elementor-top-section elementor-element elementor-element-733a193 elementor-section-full_width elementor-section-height-min-height elementor-section-stretched elementor-section-height-default elementor-section-items-middle\" data-id=\"733a193\" data-element_type=\"section\" data-settings=\"{&quot;stretch_section&quot;:&quot;section-stretched&quot;,&quot;background_background&quot;:&quot;classic&quot;}\">\n\t\t\t\t\t\t<div class=\"elementor-container elementor-column-gap-no\">\n\t\t\t\t\t<div class=\"elementor-column elementor-col-100 elementor-top-column elementor-element elementor-element-ed53330\" data-id=\"ed53330\" data-element_type=\"column\">\n\t\t\t<div class=\"elementor-widget-wrap elementor-element-populated\">\n\t\t\t\t\t\t<div class=\"elementor-element elementor-element-3a10b94 elementor-widget elementor-widget-heading\" data-id=\"3a10b94\" data-element_type=\"widget\" data-widget_type=\"heading.default\">\n\t\t\t\t<div class=\"elementor-widget-container\">\n\t\t\t<style>\/*! elementor - v3.21.0 - 20-05-2024 *\/\n.elementor-heading-title{padding:0;margin:0;line-height:1}.elementor-widget-heading .elementor-heading-title[class*=elementor-size-]>a{color:inherit;font-size:inherit;line-height:inherit}.elementor-widget-heading .elementor-heading-title.elementor-size-small{font-size:15px}.elementor-widget-heading .elementor-heading-title.elementor-size-medium{font-size:19px}.elementor-widget-heading .elementor-heading-title.elementor-size-large{font-size:29px}.elementor-widget-heading .elementor-heading-title.elementor-size-xl{font-size:39px}.elementor-widget-heading .elementor-heading-title.elementor-size-xxl{font-size:59px}<\/style><h1 class=\"elementor-heading-title elementor-size-default\">SEIGNOSSE<\/h1>\t\t<\/div>\n\t\t\t\t<\/div>\n\t\t\t\t\t<\/div>\n\t\t<\/div>\n\t\t\t\t\t<\/div>\n\t\t<\/section>\n\t\t\t\t<section class=\"elementor-section elementor-top-section elementor-element elementor-element-39579e0 elementor-section-boxed elementor-section-height-default elementor-section-height-default\" data-id=\"39579e0\" data-element_type=\"section\">\n\t\t\t\t\t\t<div class=\"elementor-container elementor-column-gap-default\">\n\t\t\t\t\t<div class=\"elementor-column elementor-col-100 elementor-top-column elementor-element elementor-element-25f7516\" data-id=\"25f7516\" data-element_type=\"column\">\n\t\t\t<div class=\"elementor-widget-wrap elementor-element-populated\">\n\t\t\t\t\t\t<div class=\"elementor-element elementor-element-a0f9353 elementor-widget elementor-widget-video\" data-id=\"a0f9353\" data-element_type=\"widget\" data-settings=\"{&quot;youtube_url&quot;:&quot;https:\\\/\\\/youtu.be\\\/sKjG-pRxUIc&quot;,&quot;video_type&quot;:&quot;youtube&quot;,&quot;controls&quot;:&quot;yes&quot;}\" data-widget_type=\"video.default\">\n\t\t\t\t<div class=\"elementor-widget-container\">\n\t\t\t<style>\/*! elementor - v3.21.0 - 20-05-2024 *\/\n.elementor-widget-video .elementor-widget-container{overflow:hidden;transform:translateZ(0)}.elementor-widget-video .elementor-wrapper{aspect-ratio:var(--video-aspect-ratio)}.elementor-widget-video .elementor-wrapper iframe,.elementor-widget-video .elementor-wrapper video{height:100%;width:100%;display:flex;border:none;background-color:#000}@supports not (aspect-ratio:1\/1){.elementor-widget-video .elementor-wrapper{position:relative;overflow:hidden;height:0;padding-bottom:calc(100% \/ var(--video-aspect-ratio))}.elementor-widget-video .elementor-wrapper iframe,.elementor-widget-video .elementor-wrapper video{position:absolute;top:0;right:0;bottom:0;left:0}}.elementor-widget-video .elementor-open-inline .elementor-custom-embed-image-overlay{position:absolute;top:0;right:0;bottom:0;left:0;background-size:cover;background-position:50%}.elementor-widget-video .elementor-custom-embed-image-overlay{cursor:pointer;text-align:center}.elementor-widget-video .elementor-custom-embed-image-overlay:hover .elementor-custom-embed-play i{opacity:1}.elementor-widget-video .elementor-custom-embed-image-overlay img{display:block;width:100%;aspect-ratio:var(--video-aspect-ratio);-o-object-fit:cover;object-fit:cover;-o-object-position:center center;object-position:center center}@supports not (aspect-ratio:1\/1){.elementor-widget-video .elementor-custom-embed-image-overlay{position:relative;overflow:hidden;height:0;padding-bottom:calc(100% \/ var(--video-aspect-ratio))}.elementor-widget-video .elementor-custom-embed-image-overlay img{position:absolute;top:0;right:0;bottom:0;left:0}}.elementor-widget-video .e-hosted-video .elementor-video{-o-object-fit:cover;object-fit:cover}.e-con-inner>.elementor-widget-video,.e-con>.elementor-widget-video{width:var(--container-widget-width);--flex-grow:var(--container-widget-flex-grow)}<\/style>\t\t<div class=\"elementor-wrapper elementor-open-inline\">\n\t\t\t<div class=\"elementor-video\"><\/div>\t\t<\/div>\n\t\t\t\t<\/div>\n\t\t\t\t<\/div>\n\t\t\t\t\t<\/div>\n\t\t<\/div>\n\t\t\t\t\t<\/div>\n\t\t<\/section>\n\t\t\t\t<section class=\"elementor-section elementor-top-section elementor-element elementor-element-28ef20a7 elementor-section-boxed elementor-section-height-default elementor-section-height-default\" data-id=\"28ef20a7\" data-element_type=\"section\">\n\t\t\t\t\t\t<div class=\"elementor-container elementor-column-gap-default\">\n\t\t\t\t\t<div class=\"elementor-column elementor-col-100 elementor-top-column elementor-element elementor-element-4fa7f332\" data-id=\"4fa7f332\" data-element_type=\"column\">\n\t\t\t<div class=\"elementor-widget-wrap elementor-element-populated\">\n\t\t\t\t\t\t<div class=\"elementor-element elementor-element-2db0d449 elementor-widget elementor-widget-text-editor\" data-id=\"2db0d449\" data-element_type=\"widget\" data-widget_type=\"text-editor.default\">\n\t\t\t\t<div class=\"elementor-widget-container\">\n\t\t\t<style>\/*! elementor - v3.21.0 - 20-05-2024 *\/\n.elementor-widget-text-editor.elementor-drop-cap-view-stacked .elementor-drop-cap{background-color:#69727d;color:#fff}.elementor-widget-text-editor.elementor-drop-cap-view-framed .elementor-drop-cap{color:#69727d;border:3px solid;background-color:transparent}.elementor-widget-text-editor:not(.elementor-drop-cap-view-default) .elementor-drop-cap{margin-top:8px}.elementor-widget-text-editor:not(.elementor-drop-cap-view-default) .elementor-drop-cap-letter{width:1em;height:1em}.elementor-widget-text-editor .elementor-drop-cap{float:left;text-align:center;line-height:1;font-size:50px}.elementor-widget-text-editor .elementor-drop-cap-letter{display:inline-block}<\/style>\t\t\t\t<p><strong style=\"color: var( --e-global-color-text ); familia de fuentes: var( --e-global-typography-text-font-family ), Sans-serif; tama\u00f1o de fuente: 1rem;\">\u00bfQu\u00e9 hacer en Seignosse le Penon?<\/strong><\/p><p>Entre los destinos de vacaciones m\u00e1s populares, la ciudad de Seignosse tiene un paisaje \u00fanico en el mundo. Entre paisajes de monta\u00f1a, bosques primarios y vista al mar, esta ciudad tiene todo para ser un lugar placentero para quedarse en verano. Para descubrir su encanto y la belleza de sus parajes, es recomendable alojarse en el barrio de Pe\u00f1\u00f3n. Aqu\u00ed hay algunas actividades para descubrir y hacer a toda costa.<\/p><p><strong>Rel\u00e1jate junto a las chozas de paja en la playa<\/strong><\/p><p>Durante un viaje a Seignosse, y en particular en el distrito de Penon, es absolutamente necesario pasar por sus magn\u00edficas playas. Arena blanca y fina, agua clara, todo est\u00e1 ah\u00ed para crear un ambiente paradis\u00edaco. Pero el rinc\u00f3n a descubrir a toda costa es la caseta de playa. Son lugares donde la relajaci\u00f3n prima por encima de todo.<\/p><p>Al borde mismo del oc\u00e9ano, estas caba\u00f1as hechas completamente de madera tambi\u00e9n se llaman chozas de paja. Act\u00faan como bar y restaurante para todos aquellos que quieran pasar un d\u00eda tranquilo en el mar.Un verdadero lugar de encuentro para turistas y veraneantes, ofrecen bebidas fr\u00edas, snacks y todo con m\u00fasica de fondo en los \u00e9xitos m\u00e1s populares de la el verano.<\/p><p>Estas caba\u00f1as toman el alma y el esp\u00edritu de Seignosse y las puedes encontrar en todas sus playas p\u00fablicas. Sin embargo, son ef\u00edmeras y se montan \u00fanicamente desde la primavera hasta el oto\u00f1o. Durante una estancia en Seignosse le Penon, encontrar\u00e1 no solo turistas sino tambi\u00e9n lugare\u00f1os que se re\u00fanen all\u00ed para tomar una copa despu\u00e9s del trabajo. Es por tanto la oportunidad ideal para conocerlos y descubrir un poco m\u00e1s sobre la cultura local.<\/p><p><strong>Compras en el mercado de temporada<\/strong><\/p><p>En Seignosse le Penon, los productos locales tambi\u00e9n se exhiben durante el per\u00edodo del mercado de temporada. Todos los vendedores locales se dan cita en este mercado al aire libre. Situado junto al mar, es el lugar ideal para realizar compras mientras se disfruta de la brisa marina. Pero cabe se\u00f1alar que este mercado tambi\u00e9n es ef\u00edmero y solo est\u00e1 presente unos d\u00edas en verano. Por ello es recomendable informarse con antelaci\u00f3n para no perd\u00e9rsela.<\/p><p>Hay alrededor de cien expositores con sus exhibiciones ubicadas bajo los altos pinos de la Place Victor Gentille. En el distrito de Pe\u00f1\u00f3n, este mercado es una visita obligada para descubrir varios productos locales, as\u00ed como artesan\u00edas.<\/p><p>Un verdadero rinc\u00f3n de compras, puede comprar decoraci\u00f3n de interiores en textiles coloridos para llevarse un pedazo de las Landas a casa. \u00bfY por qu\u00e9 no, ropa tradicional de las Landas con un tejido tan ligero como c\u00f3modo?<\/p><p>Por lo tanto, es una oportunidad que no debe perderse, especialmente para los amantes de la cocina t\u00edpica de las Landas. Magrets, foie gras o el famoso Tursan, la variedad de platos complacer\u00e1 a todos. Despu\u00e9s de una juerga de compras, puede disfrutar de un almuerzo en el mismo lugar y tal vez pasear all\u00ed durante toda la tarde. Y como el oc\u00e9ano est\u00e1 a unos pasos, aprovechamos para tomar una cerveza o un pastis landaise con aperitivos ofrecidos por los propios productores.<\/p><p><strong>Paseo en bicicleta<\/strong><\/p><p>Encontrar\u00e1 muchos carriles bici en la zona. Un paseo en bicicleta entre Seignosse y Vieux Boucau o entre Seignosse y Hossegor, Capbreton es una de las experiencias que no debe perderse durante su estancia en Seigosse.<\/p><p>Para el alquiler de tu bicicleta, te recomendamos <a href=\"https:\/\/www.izibikes.com\" target=\"_blank\" rel=\"noopener\">Izibikes.com<\/a>. Puede alquilar su bicicleta en l\u00ednea con unos pocos clics y recogerla en los puntos de retransmisi\u00f3n en <a href=\"https:\/\/goo.gl\/maps\/KHA1aDrVp7mErf596\">Seignosse<\/a> o <a href=\"https:\/ \/goo.gl\/maps\/Fgz4jwGK5pYUZ5JD6\">Capbreton<\/a> o solicite que se lo entreguen de forma gratuita directamente en su lugar de estancia.<\/p><p>Punto de relevo de Izibikes<\/p><p><a href=\"https:\/\/goo.gl\/maps\/KHA1aDrVp7mErf596\" target=\"_blank\" rel=\"noopener\">Izibikes Seignosse<\/a>: 20 avenue de la Grande plage, 40510 SEIGNOSSE<br \/><a href=\"https:\/\/goo.gl\/maps\/Fgz4jwGK5pYUZ5JD6\" target=\"_blank\" rel=\"noopener\">Izibikes Capbreton<\/a>: 29 Avenue du Mar\u00e9chal Leclerc, 40130 CAPBRETON<\/p><p>\u00a0<\/p><p>\u00a0<\/p>\t\t\t\t\t\t<\/div>\n\t\t\t\t<\/div>\n\t\t\t\t\t<\/div>\n\t\t<\/div>\n\t\t\t\t\t<\/div>\n\t\t<\/section>\n\t\t\t\t<\/div>\n\t\t","protected":false},"excerpt":{"rendered":"<p>SEIGNOSSE https:\/\/youtu.be\/sKjG-pRxUIc \u00bfQu\u00e9 hacer en Seignosse le Penon? Entre los destinos de vacaciones m\u00e1s populares, la ciudad de Seignosse tiene un paisaje \u00fanico en el mundo. Entre paisajes de monta\u00f1a, bosques primarios y vista al mar, esta ciudad tiene todo para ser un lugar placentero para quedarse en verano. Para descubrir su encanto y la [&hellip;]<\/p>\n","protected":false},"author":2,"featured_media":0,"parent":0,"menu_order":0,"comment_status":"closed","ping_status":"closed","template":"","meta":{"footnotes":""},"class_list":["post-16721","page","type-page","status-publish","hentry"],"yoast_head":"<!-- This site is optimized with the Yoast SEO plugin v27.4 - https:\/\/yoast.com\/product\/yoast-seo-wordpress\/ -->\n<title>SEIGNOSSE - Le Shaka - Seignosse Plage - Le Penon<\/title>\n<meta name=\"robots\" content=\"index, follow, max-snippet:-1, max-image-preview:large, max-video-preview:-1\" \/>\n<link rel=\"canonical\" href=\"https:\/\/www.leshaka.com\/seignosse\/\" \/>\n<meta property=\"og:locale\" content=\"es_ES\" \/>\n<meta property=\"og:type\" content=\"article\" \/>\n<meta property=\"og:title\" content=\"SEIGNOSSE - Le Shaka - Seignosse Plage - Le Penon\" \/>\n<meta property=\"og:description\" content=\"SEIGNOSSE https:\/\/youtu.be\/sKjG-pRxUIc \u00bfQu\u00e9 hacer en Seignosse le Penon? Entre los destinos de vacaciones m\u00e1s populares, la ciudad de Seignosse tiene un paisaje \u00fanico en el mundo. Entre paisajes de monta\u00f1a, bosques primarios y vista al mar, esta ciudad tiene todo para ser un lugar placentero para quedarse en verano. Para descubrir su encanto y la [&hellip;]\" \/>\n<meta property=\"og:url\" content=\"https:\/\/www.leshaka.com\/seignosse\/\" \/>\n<meta property=\"og:site_name\" content=\"Le Shaka - Seignosse Plage - Le Penon\" \/>\n<meta property=\"article:modified_time\" content=\"2022-09-27T07:59:57+00:00\" \/>\n<meta name=\"twitter:card\" content=\"summary_large_image\" \/>\n<meta name=\"twitter:label1\" content=\"Tiempo de lectura\" \/>\n\t<meta name=\"twitter:data1\" content=\"3 minutos\" \/>\n<script type=\"application\/ld+json\" class=\"yoast-schema-graph\">{\"@context\":\"https:\\\/\\\/schema.org\",\"@graph\":[{\"@type\":\"WebPage\",\"@id\":\"https:\\\/\\\/www.leshaka.com\\\/seignosse\\\/\",\"url\":\"https:\\\/\\\/www.leshaka.com\\\/seignosse\\\/\",\"name\":\"SEIGNOSSE - Le Shaka - Seignosse Plage - Le Penon\",\"isPartOf\":{\"@id\":\"https:\\\/\\\/www.leshaka.com\\\/#website\"},\"datePublished\":\"2021-03-05T20:57:46+00:00\",\"dateModified\":\"2022-09-27T07:59:57+00:00\",\"breadcrumb\":{\"@id\":\"https:\\\/\\\/www.leshaka.com\\\/seignosse\\\/#breadcrumb\"},\"inLanguage\":\"es\",\"potentialAction\":[{\"@type\":\"ReadAction\",\"target\":[\"https:\\\/\\\/www.leshaka.com\\\/seignosse\\\/\"]}]},{\"@type\":\"BreadcrumbList\",\"@id\":\"https:\\\/\\\/www.leshaka.com\\\/seignosse\\\/#breadcrumb\",\"itemListElement\":[{\"@type\":\"ListItem\",\"position\":1,\"name\":\"Accueil\",\"item\":\"https:\\\/\\\/www.leshaka.com\\\/en\\\/\"},{\"@type\":\"ListItem\",\"position\":2,\"name\":\"SEIGNOSSE\"}]},{\"@type\":\"WebSite\",\"@id\":\"https:\\\/\\\/www.leshaka.com\\\/#website\",\"url\":\"https:\\\/\\\/www.leshaka.com\\\/\",\"name\":\"Le Shaka - Seignosse Plage - Le Penon\",\"description\":\"Location studio meubl\u00e9 \u00e0 Seignosse Le Penon\",\"publisher\":{\"@id\":\"https:\\\/\\\/www.leshaka.com\\\/#organization\"},\"potentialAction\":[{\"@type\":\"SearchAction\",\"target\":{\"@type\":\"EntryPoint\",\"urlTemplate\":\"https:\\\/\\\/www.leshaka.com\\\/?s={search_term_string}\"},\"query-input\":{\"@type\":\"PropertyValueSpecification\",\"valueRequired\":true,\"valueName\":\"search_term_string\"}}],\"inLanguage\":\"es\"},{\"@type\":\"Organization\",\"@id\":\"https:\\\/\\\/www.leshaka.com\\\/#organization\",\"name\":\"Le Shaka - Seignosse Plage - Le Penon\",\"url\":\"https:\\\/\\\/www.leshaka.com\\\/\",\"logo\":{\"@type\":\"ImageObject\",\"inLanguage\":\"es\",\"@id\":\"https:\\\/\\\/www.leshaka.com\\\/#\\\/schema\\\/logo\\\/image\\\/\",\"url\":\"https:\\\/\\\/www.leshaka.com\\\/wp-content\\\/uploads\\\/2022\\\/04\\\/cropped-shaka-logo.png\",\"contentUrl\":\"https:\\\/\\\/www.leshaka.com\\\/wp-content\\\/uploads\\\/2022\\\/04\\\/cropped-shaka-logo.png\",\"width\":200,\"height\":58,\"caption\":\"Le Shaka - Seignosse Plage - Le Penon\"},\"image\":{\"@id\":\"https:\\\/\\\/www.leshaka.com\\\/#\\\/schema\\\/logo\\\/image\\\/\"}}]}<\/script>\n<!-- \/ Yoast SEO plugin. -->","yoast_head_json":{"title":"SEIGNOSSE - Le Shaka - Seignosse Plage - Le Penon","robots":{"index":"index","follow":"follow","max-snippet":"max-snippet:-1","max-image-preview":"max-image-preview:large","max-video-preview":"max-video-preview:-1"},"canonical":"https:\/\/www.leshaka.com\/seignosse\/","og_locale":"es_ES","og_type":"article","og_title":"SEIGNOSSE - Le Shaka - Seignosse Plage - Le Penon","og_description":"SEIGNOSSE https:\/\/youtu.be\/sKjG-pRxUIc \u00bfQu\u00e9 hacer en Seignosse le Penon? Entre los destinos de vacaciones m\u00e1s populares, la ciudad de Seignosse tiene un paisaje \u00fanico en el mundo. Entre paisajes de monta\u00f1a, bosques primarios y vista al mar, esta ciudad tiene todo para ser un lugar placentero para quedarse en verano. Para descubrir su encanto y la [&hellip;]","og_url":"https:\/\/www.leshaka.com\/seignosse\/","og_site_name":"Le Shaka - Seignosse Plage - Le Penon","article_modified_time":"2022-09-27T07:59:57+00:00","twitter_card":"summary_large_image","twitter_misc":{"Tiempo de lectura":"3 minutos"},"schema":{"@context":"https:\/\/schema.org","@graph":[{"@type":"WebPage","@id":"https:\/\/www.leshaka.com\/seignosse\/","url":"https:\/\/www.leshaka.com\/seignosse\/","name":"SEIGNOSSE - Le Shaka - Seignosse Plage - Le Penon","isPartOf":{"@id":"https:\/\/www.leshaka.com\/#website"},"datePublished":"2021-03-05T20:57:46+00:00","dateModified":"2022-09-27T07:59:57+00:00","breadcrumb":{"@id":"https:\/\/www.leshaka.com\/seignosse\/#breadcrumb"},"inLanguage":"es","potentialAction":[{"@type":"ReadAction","target":["https:\/\/www.leshaka.com\/seignosse\/"]}]},{"@type":"BreadcrumbList","@id":"https:\/\/www.leshaka.com\/seignosse\/#breadcrumb","itemListElement":[{"@type":"ListItem","position":1,"name":"Accueil","item":"https:\/\/www.leshaka.com\/en\/"},{"@type":"ListItem","position":2,"name":"SEIGNOSSE"}]},{"@type":"WebSite","@id":"https:\/\/www.leshaka.com\/#website","url":"https:\/\/www.leshaka.com\/","name":"Le Shaka - Seignosse Plage - Le Penon","description":"Location studio meubl\u00e9 \u00e0 Seignosse Le Penon","publisher":{"@id":"https:\/\/www.leshaka.com\/#organization"},"potentialAction":[{"@type":"SearchAction","target":{"@type":"EntryPoint","urlTemplate":"https:\/\/www.leshaka.com\/?s={search_term_string}"},"query-input":{"@type":"PropertyValueSpecification","valueRequired":true,"valueName":"search_term_string"}}],"inLanguage":"es"},{"@type":"Organization","@id":"https:\/\/www.leshaka.com\/#organization","name":"Le Shaka - Seignosse Plage - Le Penon","url":"https:\/\/www.leshaka.com\/","logo":{"@type":"ImageObject","inLanguage":"es","@id":"https:\/\/www.leshaka.com\/#\/schema\/logo\/image\/","url":"https:\/\/www.leshaka.com\/wp-content\/uploads\/2022\/04\/cropped-shaka-logo.png","contentUrl":"https:\/\/www.leshaka.com\/wp-content\/uploads\/2022\/04\/cropped-shaka-logo.png","width":200,"height":58,"caption":"Le Shaka - Seignosse Plage - Le Penon"},"image":{"@id":"https:\/\/www.leshaka.com\/#\/schema\/logo\/image\/"}}]}},"_links":{"self":[{"href":"https:\/\/www.leshaka.com\/es\/wp-json\/wp\/v2\/pages\/16721","targetHints":{"allow":["GET"]}}],"collection":[{"href":"https:\/\/www.leshaka.com\/es\/wp-json\/wp\/v2\/pages"}],"about":[{"href":"https:\/\/www.leshaka.com\/es\/wp-json\/wp\/v2\/types\/page"}],"author":[{"embeddable":true,"href":"https:\/\/www.leshaka.com\/es\/wp-json\/wp\/v2\/users\/2"}],"replies":[{"embeddable":true,"href":"https:\/\/www.leshaka.com\/es\/wp-json\/wp\/v2\/comments?post=16721"}],"version-history":[{"count":8,"href":"https:\/\/www.leshaka.com\/es\/wp-json\/wp\/v2\/pages\/16721\/revisions"}],"predecessor-version":[{"id":16895,"href":"https:\/\/www.leshaka.com\/es\/wp-json\/wp\/v2\/pages\/16721\/revisions\/16895"}],"wp:attachment":[{"href":"https:\/\/www.leshaka.com\/es\/wp-json\/wp\/v2\/media?parent=16721"}],"curies":[{"name":"wp","href":"https:\/\/api.w.org\/{rel}","templated":true}]}}