{"id":16731,"date":"2021-03-05T21:58:41","date_gmt":"2021-03-05T20:58:41","guid":{"rendered":"https:\/\/www.leshaka.com\/?page_id=16731"},"modified":"2022-07-26T13:21:37","modified_gmt":"2022-07-26T11:21:37","slug":"lado-del-bosque","status":"publish","type":"page","link":"https:\/\/www.leshaka.com\/es\/lado-del-bosque\/","title":{"rendered":"LADO DEL BOSQUE"},"content":{"rendered":"\t\t<div data-elementor-type=\"wp-page\" data-elementor-id=\"16731\" class=\"elementor elementor-16731 elementor-14838\" data-elementor-post-type=\"page\">\n\t\t\t\t\t\t<section class=\"elementor-section elementor-top-section elementor-element elementor-element-c759eb8 elementor-section-full_width elementor-section-height-min-height elementor-section-stretched elementor-section-height-default elementor-section-items-middle\" data-id=\"c759eb8\" data-element_type=\"section\" data-settings=\"{&quot;stretch_section&quot;:&quot;section-stretched&quot;,&quot;background_background&quot;:&quot;classic&quot;}\">\n\t\t\t\t\t\t<div class=\"elementor-container elementor-column-gap-no\">\n\t\t\t\t\t<div class=\"elementor-column elementor-col-100 elementor-top-column elementor-element elementor-element-1826814\" data-id=\"1826814\" data-element_type=\"column\">\n\t\t\t<div class=\"elementor-widget-wrap elementor-element-populated\">\n\t\t\t\t\t\t<div class=\"elementor-element elementor-element-ac6d48e elementor-widget elementor-widget-heading\" data-id=\"ac6d48e\" data-element_type=\"widget\" data-widget_type=\"heading.default\">\n\t\t\t\t<div class=\"elementor-widget-container\">\n\t\t\t<style>\/*! elementor - v3.21.0 - 20-05-2024 *\/\n.elementor-heading-title{padding:0;margin:0;line-height:1}.elementor-widget-heading .elementor-heading-title[class*=elementor-size-]>a{color:inherit;font-size:inherit;line-height:inherit}.elementor-widget-heading .elementor-heading-title.elementor-size-small{font-size:15px}.elementor-widget-heading .elementor-heading-title.elementor-size-medium{font-size:19px}.elementor-widget-heading .elementor-heading-title.elementor-size-large{font-size:29px}.elementor-widget-heading .elementor-heading-title.elementor-size-xl{font-size:39px}.elementor-widget-heading .elementor-heading-title.elementor-size-xxl{font-size:59px}<\/style><h1 class=\"elementor-heading-title elementor-size-default\">Lado del bosque<\/h1>\t\t<\/div>\n\t\t\t\t<\/div>\n\t\t\t\t\t<\/div>\n\t\t<\/div>\n\t\t\t\t\t<\/div>\n\t\t<\/section>\n\t\t\t\t<section class=\"elementor-section elementor-top-section elementor-element elementor-element-3d011960 elementor-section-boxed elementor-section-height-default elementor-section-height-default\" data-id=\"3d011960\" data-element_type=\"section\">\n\t\t\t\t\t\t<div class=\"elementor-container elementor-column-gap-default\">\n\t\t\t\t\t<div class=\"elementor-column elementor-col-100 elementor-top-column elementor-element elementor-element-2180a21e\" data-id=\"2180a21e\" data-element_type=\"column\">\n\t\t\t<div class=\"elementor-widget-wrap elementor-element-populated\">\n\t\t\t\t\t\t<div class=\"elementor-element elementor-element-637a5cf3 elementor-widget elementor-widget-text-editor\" data-id=\"637a5cf3\" data-element_type=\"widget\" data-widget_type=\"text-editor.default\">\n\t\t\t\t<div class=\"elementor-widget-container\">\n\t\t\t<style>\/*! elementor - v3.21.0 - 20-05-2024 *\/\n.elementor-widget-text-editor.elementor-drop-cap-view-stacked .elementor-drop-cap{background-color:#69727d;color:#fff}.elementor-widget-text-editor.elementor-drop-cap-view-framed .elementor-drop-cap{color:#69727d;border:3px solid;background-color:transparent}.elementor-widget-text-editor:not(.elementor-drop-cap-view-default) .elementor-drop-cap{margin-top:8px}.elementor-widget-text-editor:not(.elementor-drop-cap-view-default) .elementor-drop-cap-letter{width:1em;height:1em}.elementor-widget-text-editor .elementor-drop-cap{float:left;text-align:center;line-height:1;font-size:50px}.elementor-widget-text-editor .elementor-drop-cap-letter{display:inline-block}<\/style>\t\t\t\t<p><strong>Pasear por el bosque de las Landas<\/strong><\/p><p>Para descubrir la belleza de los paisajes de las Landas, el <a href=\"https:\/\/seignosse-tourisme.com\/fr\/univers-seignosse-plages\/la-foret\">paseo por el bosque<\/a> es el actividad ideal. En familia o en una caminata deportiva, hay varios senderos a trav\u00e9s de los bosques de las Landas para admirar la flora y la fauna propias de estos lugares. Para encontrar los mejores caminos a seguir, aqu\u00ed hay una lista de los caminos m\u00e1s bonitos de Les Landes.<\/p><p><strong>Hacer el sendero de Sanguinet<\/strong><\/p><p>Las Landas siempre han sido populares por sus magn\u00edficos bosques y bosques. Para los amantes de la naturaleza, es el momento de calzarse las zapatillas y preparar una botella de agua para dar paseos y caminatas. Hay varios senderos especialmente dedicados al senderismo, entre ellos el de Sanguinet que es uno de los m\u00e1s f\u00e1ciles.<\/p><p>Seguir el sendero de Sanguinet es disfrutar de una hora y media de caminata y paisajes diversificados. Un bosque de pinos rodea el camino, con su aroma tonificante y la sombra que proporcionan a los senderistas. Caminata y f\u00e1cil porque el camino se mantiene llano hasta la llegada al lago salvaje de Sanguinet.<\/p><p>Siempre rodeados de altos \u00e1rboles, descansamos cerca del agua resplandeciente o aprovechamos para sumergirnos en las profundidades del lago.<\/p><p><strong>El bosque de galer\u00eda alrededor de las lagunas de Nabias<\/strong><\/p><p>Entre los bosques m\u00e1s originales de las Landas, el bosque de galer\u00eda situado cerca de las lagunas de Nabias es el que realmente destaca. Rodeando la corriente, los \u00e1rboles que forman este bosque se doblan para formar un techo que oculta el cielo. Se le denomin\u00f3 bosque de galer\u00eda porque conecta dos puntos de agua, para ser atravesados \u200b\u200ben canoa. Este efecto le da una atm\u00f3sfera m\u00e1gica al lugar, especialmente si navegas a la sombra de estos gigantes.<\/p><p>Para visitar estos lugares existe una caminata de 4,5 km, cuya dificultad es muy f\u00e1cil y accesible para todas las edades. Es por esto que este paseo es ideal para un paseo en familia. A su alrededor, los \u00e1rboles se yerguen continuamente, haciendo del lugar un verdadero refugio ecol\u00f3gico con aire limpio.<\/p><p>Para los amantes de la pesca, la laguna de Nabias es un lugar donde est\u00e1 autorizada esta actividad.<\/p><p><strong>El circuito Grande Barthe en Saubusse<\/strong><\/p><p>Con sus 9 km de recorrido a pie, el circuito de senderismo Grande Barthe se parece m\u00e1s a un paseo por el bosque que a un paseo deportivo o a pie. De hecho, caminar se puede hacer f\u00e1cilmente porque los caminos siguen siendo rectos y llanos. A lo largo del camino, encontramos los t\u00edpicos barthes de las Landas y cuyo nombre lleva el circuito.<\/p><p>Estos prados pantanosos proporcionan un paisaje extraordinario, adem\u00e1s de estar rodeados de grandes \u00e1rboles frondosos. Al pasear por estos lugares, uno se siente transportado en un universo verde y lleno de las maravillas de la naturaleza.<\/p><p>Este humedal es ideal para dejar crecer plantas raras, como plantas carn\u00edvoras e hibiscos de pantano. Sin olvidar la fauna salvaje que aparece de vez en cuando, para deleite de los paseantes. Caballos y ponis o incluso garzas, estos grandes animales campan a sus anchas por esta parte de Sabusse. En estos lugares tambi\u00e9n puedes variar el paseo con un paseo en canoa y disfrutar de las frescas aguas.<\/p>\t\t\t\t\t\t<\/div>\n\t\t\t\t<\/div>\n\t\t\t\t\t<\/div>\n\t\t<\/div>\n\t\t\t\t\t<\/div>\n\t\t<\/section>\n\t\t\t\t<\/div>\n\t\t","protected":false},"excerpt":{"rendered":"<p>Lado del bosque Pasear por el bosque de las Landas Para descubrir la belleza de los paisajes de las Landas, el paseo por el bosque es el actividad ideal. En familia o en una caminata deportiva, hay varios senderos a trav\u00e9s de los bosques de las Landas para admirar la flora y la fauna propias [&hellip;]<\/p>\n","protected":false},"author":2,"featured_media":0,"parent":0,"menu_order":0,"comment_status":"closed","ping_status":"closed","template":"","meta":{"footnotes":""},"class_list":["post-16731","page","type-page","status-publish","hentry"],"yoast_head":"<!-- This site is optimized with the Yoast SEO plugin v27.4 - https:\/\/yoast.com\/product\/yoast-seo-wordpress\/ -->\n<title>LADO DEL BOSQUE - Le Shaka - Seignosse Plage - Le Penon<\/title>\n<meta name=\"robots\" content=\"index, follow, max-snippet:-1, max-image-preview:large, max-video-preview:-1\" \/>\n<link rel=\"canonical\" href=\"https:\/\/www.leshaka.com\/es\/lado-del-bosque\/\" \/>\n<meta property=\"og:locale\" content=\"es_ES\" \/>\n<meta property=\"og:type\" content=\"article\" \/>\n<meta property=\"og:title\" content=\"LADO DEL BOSQUE - Le Shaka - Seignosse Plage - Le Penon\" \/>\n<meta property=\"og:description\" content=\"Lado del bosque Pasear por el bosque de las Landas Para descubrir la belleza de los paisajes de las Landas, el paseo por el bosque es el actividad ideal. En familia o en una caminata deportiva, hay varios senderos a trav\u00e9s de los bosques de las Landas para admirar la flora y la fauna propias [&hellip;]\" \/>\n<meta property=\"og:url\" content=\"https:\/\/www.leshaka.com\/es\/lado-del-bosque\/\" \/>\n<meta property=\"og:site_name\" content=\"Le Shaka - Seignosse Plage - Le Penon\" \/>\n<meta property=\"article:modified_time\" content=\"2022-07-26T11:21:37+00:00\" \/>\n<meta name=\"twitter:card\" content=\"summary_large_image\" \/>\n<meta name=\"twitter:label1\" content=\"Tiempo de lectura\" \/>\n\t<meta name=\"twitter:data1\" content=\"3 minutos\" \/>\n<script type=\"application\/ld+json\" class=\"yoast-schema-graph\">{\"@context\":\"https:\\\/\\\/schema.org\",\"@graph\":[{\"@type\":\"WebPage\",\"@id\":\"https:\\\/\\\/www.leshaka.com\\\/es\\\/lado-del-bosque\\\/\",\"url\":\"https:\\\/\\\/www.leshaka.com\\\/es\\\/lado-del-bosque\\\/\",\"name\":\"LADO DEL BOSQUE - Le Shaka - Seignosse Plage - Le Penon\",\"isPartOf\":{\"@id\":\"https:\\\/\\\/www.leshaka.com\\\/#website\"},\"datePublished\":\"2021-03-05T20:58:41+00:00\",\"dateModified\":\"2022-07-26T11:21:37+00:00\",\"breadcrumb\":{\"@id\":\"https:\\\/\\\/www.leshaka.com\\\/es\\\/lado-del-bosque\\\/#breadcrumb\"},\"inLanguage\":\"es\",\"potentialAction\":[{\"@type\":\"ReadAction\",\"target\":[\"https:\\\/\\\/www.leshaka.com\\\/es\\\/lado-del-bosque\\\/\"]}]},{\"@type\":\"BreadcrumbList\",\"@id\":\"https:\\\/\\\/www.leshaka.com\\\/es\\\/lado-del-bosque\\\/#breadcrumb\",\"itemListElement\":[{\"@type\":\"ListItem\",\"position\":1,\"name\":\"Accueil\",\"item\":\"https:\\\/\\\/www.leshaka.com\\\/en\\\/\"},{\"@type\":\"ListItem\",\"position\":2,\"name\":\"LADO DEL BOSQUE\"}]},{\"@type\":\"WebSite\",\"@id\":\"https:\\\/\\\/www.leshaka.com\\\/#website\",\"url\":\"https:\\\/\\\/www.leshaka.com\\\/\",\"name\":\"Le Shaka - Seignosse Plage - Le Penon\",\"description\":\"Location studio meubl\u00e9 \u00e0 Seignosse Le Penon\",\"publisher\":{\"@id\":\"https:\\\/\\\/www.leshaka.com\\\/#organization\"},\"potentialAction\":[{\"@type\":\"SearchAction\",\"target\":{\"@type\":\"EntryPoint\",\"urlTemplate\":\"https:\\\/\\\/www.leshaka.com\\\/?s={search_term_string}\"},\"query-input\":{\"@type\":\"PropertyValueSpecification\",\"valueRequired\":true,\"valueName\":\"search_term_string\"}}],\"inLanguage\":\"es\"},{\"@type\":\"Organization\",\"@id\":\"https:\\\/\\\/www.leshaka.com\\\/#organization\",\"name\":\"Le Shaka - Seignosse Plage - Le Penon\",\"url\":\"https:\\\/\\\/www.leshaka.com\\\/\",\"logo\":{\"@type\":\"ImageObject\",\"inLanguage\":\"es\",\"@id\":\"https:\\\/\\\/www.leshaka.com\\\/#\\\/schema\\\/logo\\\/image\\\/\",\"url\":\"https:\\\/\\\/www.leshaka.com\\\/wp-content\\\/uploads\\\/2022\\\/04\\\/cropped-shaka-logo.png\",\"contentUrl\":\"https:\\\/\\\/www.leshaka.com\\\/wp-content\\\/uploads\\\/2022\\\/04\\\/cropped-shaka-logo.png\",\"width\":200,\"height\":58,\"caption\":\"Le Shaka - Seignosse Plage - Le Penon\"},\"image\":{\"@id\":\"https:\\\/\\\/www.leshaka.com\\\/#\\\/schema\\\/logo\\\/image\\\/\"}}]}<\/script>\n<!-- \/ Yoast SEO plugin. -->","yoast_head_json":{"title":"LADO DEL BOSQUE - Le Shaka - Seignosse Plage - Le Penon","robots":{"index":"index","follow":"follow","max-snippet":"max-snippet:-1","max-image-preview":"max-image-preview:large","max-video-preview":"max-video-preview:-1"},"canonical":"https:\/\/www.leshaka.com\/es\/lado-del-bosque\/","og_locale":"es_ES","og_type":"article","og_title":"LADO DEL BOSQUE - Le Shaka - Seignosse Plage - Le Penon","og_description":"Lado del bosque Pasear por el bosque de las Landas Para descubrir la belleza de los paisajes de las Landas, el paseo por el bosque es el actividad ideal. En familia o en una caminata deportiva, hay varios senderos a trav\u00e9s de los bosques de las Landas para admirar la flora y la fauna propias [&hellip;]","og_url":"https:\/\/www.leshaka.com\/es\/lado-del-bosque\/","og_site_name":"Le Shaka - Seignosse Plage - Le Penon","article_modified_time":"2022-07-26T11:21:37+00:00","twitter_card":"summary_large_image","twitter_misc":{"Tiempo de lectura":"3 minutos"},"schema":{"@context":"https:\/\/schema.org","@graph":[{"@type":"WebPage","@id":"https:\/\/www.leshaka.com\/es\/lado-del-bosque\/","url":"https:\/\/www.leshaka.com\/es\/lado-del-bosque\/","name":"LADO DEL BOSQUE - Le Shaka - Seignosse Plage - Le Penon","isPartOf":{"@id":"https:\/\/www.leshaka.com\/#website"},"datePublished":"2021-03-05T20:58:41+00:00","dateModified":"2022-07-26T11:21:37+00:00","breadcrumb":{"@id":"https:\/\/www.leshaka.com\/es\/lado-del-bosque\/#breadcrumb"},"inLanguage":"es","potentialAction":[{"@type":"ReadAction","target":["https:\/\/www.leshaka.com\/es\/lado-del-bosque\/"]}]},{"@type":"BreadcrumbList","@id":"https:\/\/www.leshaka.com\/es\/lado-del-bosque\/#breadcrumb","itemListElement":[{"@type":"ListItem","position":1,"name":"Accueil","item":"https:\/\/www.leshaka.com\/en\/"},{"@type":"ListItem","position":2,"name":"LADO DEL BOSQUE"}]},{"@type":"WebSite","@id":"https:\/\/www.leshaka.com\/#website","url":"https:\/\/www.leshaka.com\/","name":"Le Shaka - Seignosse Plage - Le Penon","description":"Location studio meubl\u00e9 \u00e0 Seignosse Le Penon","publisher":{"@id":"https:\/\/www.leshaka.com\/#organization"},"potentialAction":[{"@type":"SearchAction","target":{"@type":"EntryPoint","urlTemplate":"https:\/\/www.leshaka.com\/?s={search_term_string}"},"query-input":{"@type":"PropertyValueSpecification","valueRequired":true,"valueName":"search_term_string"}}],"inLanguage":"es"},{"@type":"Organization","@id":"https:\/\/www.leshaka.com\/#organization","name":"Le Shaka - Seignosse Plage - Le Penon","url":"https:\/\/www.leshaka.com\/","logo":{"@type":"ImageObject","inLanguage":"es","@id":"https:\/\/www.leshaka.com\/#\/schema\/logo\/image\/","url":"https:\/\/www.leshaka.com\/wp-content\/uploads\/2022\/04\/cropped-shaka-logo.png","contentUrl":"https:\/\/www.leshaka.com\/wp-content\/uploads\/2022\/04\/cropped-shaka-logo.png","width":200,"height":58,"caption":"Le Shaka - Seignosse Plage - Le Penon"},"image":{"@id":"https:\/\/www.leshaka.com\/#\/schema\/logo\/image\/"}}]}},"_links":{"self":[{"href":"https:\/\/www.leshaka.com\/es\/wp-json\/wp\/v2\/pages\/16731","targetHints":{"allow":["GET"]}}],"collection":[{"href":"https:\/\/www.leshaka.com\/es\/wp-json\/wp\/v2\/pages"}],"about":[{"href":"https:\/\/www.leshaka.com\/es\/wp-json\/wp\/v2\/types\/page"}],"author":[{"embeddable":true,"href":"https:\/\/www.leshaka.com\/es\/wp-json\/wp\/v2\/users\/2"}],"replies":[{"embeddable":true,"href":"https:\/\/www.leshaka.com\/es\/wp-json\/wp\/v2\/comments?post=16731"}],"version-history":[{"count":6,"href":"https:\/\/www.leshaka.com\/es\/wp-json\/wp\/v2\/pages\/16731\/revisions"}],"predecessor-version":[{"id":16773,"href":"https:\/\/www.leshaka.com\/es\/wp-json\/wp\/v2\/pages\/16731\/revisions\/16773"}],"wp:attachment":[{"href":"https:\/\/www.leshaka.com\/es\/wp-json\/wp\/v2\/media?parent=16731"}],"curies":[{"name":"wp","href":"https:\/\/api.w.org\/{rel}","templated":true}]}}