{"id":16742,"date":"2021-03-05T22:00:09","date_gmt":"2021-03-05T21:00:09","guid":{"rendered":"https:\/\/www.leshaka.com\/?page_id=16742"},"modified":"2022-07-26T13:21:17","modified_gmt":"2022-07-26T11:21:17","slug":"hossegor","status":"publish","type":"page","link":"https:\/\/www.leshaka.com\/es\/hossegor\/","title":{"rendered":"HOSSEGOR"},"content":{"rendered":"\t\t<div data-elementor-type=\"wp-page\" data-elementor-id=\"16742\" class=\"elementor elementor-16742 elementor-14842\" data-elementor-post-type=\"page\">\n\t\t\t\t\t\t<section class=\"elementor-section elementor-top-section elementor-element elementor-element-3b18cfc elementor-section-full_width elementor-section-height-min-height elementor-section-stretched elementor-section-height-default elementor-section-items-middle\" data-id=\"3b18cfc\" data-element_type=\"section\" data-settings=\"{&quot;stretch_section&quot;:&quot;section-stretched&quot;,&quot;background_background&quot;:&quot;classic&quot;}\">\n\t\t\t\t\t\t<div class=\"elementor-container elementor-column-gap-no\">\n\t\t\t\t\t<div class=\"elementor-column elementor-col-100 elementor-top-column elementor-element elementor-element-63c28d5\" data-id=\"63c28d5\" data-element_type=\"column\">\n\t\t\t<div class=\"elementor-widget-wrap elementor-element-populated\">\n\t\t\t\t\t\t<div class=\"elementor-element elementor-element-6ff8546 elementor-widget elementor-widget-heading\" data-id=\"6ff8546\" data-element_type=\"widget\" data-widget_type=\"heading.default\">\n\t\t\t\t<div class=\"elementor-widget-container\">\n\t\t\t<style>\/*! elementor - v3.21.0 - 20-05-2024 *\/\n.elementor-heading-title{padding:0;margin:0;line-height:1}.elementor-widget-heading .elementor-heading-title[class*=elementor-size-]>a{color:inherit;font-size:inherit;line-height:inherit}.elementor-widget-heading .elementor-heading-title.elementor-size-small{font-size:15px}.elementor-widget-heading .elementor-heading-title.elementor-size-medium{font-size:19px}.elementor-widget-heading .elementor-heading-title.elementor-size-large{font-size:29px}.elementor-widget-heading .elementor-heading-title.elementor-size-xl{font-size:39px}.elementor-widget-heading .elementor-heading-title.elementor-size-xxl{font-size:59px}<\/style><h1 class=\"elementor-heading-title elementor-size-default\">HOSSEGOR<\/h1>\t\t<\/div>\n\t\t\t\t<\/div>\n\t\t\t\t\t<\/div>\n\t\t<\/div>\n\t\t\t\t\t<\/div>\n\t\t<\/section>\n\t\t\t\t<section class=\"elementor-section elementor-top-section elementor-element elementor-element-5b22104 elementor-section-boxed elementor-section-height-default elementor-section-height-default\" data-id=\"5b22104\" data-element_type=\"section\">\n\t\t\t\t\t\t<div class=\"elementor-container elementor-column-gap-default\">\n\t\t\t\t\t<div class=\"elementor-column elementor-col-100 elementor-top-column elementor-element elementor-element-c85ad65\" data-id=\"c85ad65\" data-element_type=\"column\">\n\t\t\t<div class=\"elementor-widget-wrap elementor-element-populated\">\n\t\t\t\t\t\t<div class=\"elementor-element elementor-element-c885e02 elementor-widget elementor-widget-video\" data-id=\"c885e02\" data-element_type=\"widget\" data-settings=\"{&quot;youtube_url&quot;:&quot;https:\\\/\\\/youtu.be\\\/AzSxNWRZ94o&quot;,&quot;video_type&quot;:&quot;youtube&quot;,&quot;controls&quot;:&quot;yes&quot;}\" data-widget_type=\"video.default\">\n\t\t\t\t<div class=\"elementor-widget-container\">\n\t\t\t<style>\/*! elementor - v3.21.0 - 20-05-2024 *\/\n.elementor-widget-video .elementor-widget-container{overflow:hidden;transform:translateZ(0)}.elementor-widget-video .elementor-wrapper{aspect-ratio:var(--video-aspect-ratio)}.elementor-widget-video .elementor-wrapper iframe,.elementor-widget-video .elementor-wrapper video{height:100%;width:100%;display:flex;border:none;background-color:#000}@supports not (aspect-ratio:1\/1){.elementor-widget-video .elementor-wrapper{position:relative;overflow:hidden;height:0;padding-bottom:calc(100% \/ var(--video-aspect-ratio))}.elementor-widget-video .elementor-wrapper iframe,.elementor-widget-video .elementor-wrapper video{position:absolute;top:0;right:0;bottom:0;left:0}}.elementor-widget-video .elementor-open-inline .elementor-custom-embed-image-overlay{position:absolute;top:0;right:0;bottom:0;left:0;background-size:cover;background-position:50%}.elementor-widget-video .elementor-custom-embed-image-overlay{cursor:pointer;text-align:center}.elementor-widget-video .elementor-custom-embed-image-overlay:hover .elementor-custom-embed-play i{opacity:1}.elementor-widget-video .elementor-custom-embed-image-overlay img{display:block;width:100%;aspect-ratio:var(--video-aspect-ratio);-o-object-fit:cover;object-fit:cover;-o-object-position:center center;object-position:center center}@supports not (aspect-ratio:1\/1){.elementor-widget-video .elementor-custom-embed-image-overlay{position:relative;overflow:hidden;height:0;padding-bottom:calc(100% \/ var(--video-aspect-ratio))}.elementor-widget-video .elementor-custom-embed-image-overlay img{position:absolute;top:0;right:0;bottom:0;left:0}}.elementor-widget-video .e-hosted-video .elementor-video{-o-object-fit:cover;object-fit:cover}.e-con-inner>.elementor-widget-video,.e-con>.elementor-widget-video{width:var(--container-widget-width);--flex-grow:var(--container-widget-flex-grow)}<\/style>\t\t<div class=\"elementor-wrapper elementor-open-inline\">\n\t\t\t<div class=\"elementor-video\"><\/div>\t\t<\/div>\n\t\t\t\t<\/div>\n\t\t\t\t<\/div>\n\t\t\t\t\t<\/div>\n\t\t<\/div>\n\t\t\t\t\t<\/div>\n\t\t<\/section>\n\t\t\t\t<section class=\"elementor-section elementor-top-section elementor-element elementor-element-17bc361 elementor-section-boxed elementor-section-height-default elementor-section-height-default\" data-id=\"17bc361\" data-element_type=\"section\">\n\t\t\t\t\t\t<div class=\"elementor-container elementor-column-gap-default\">\n\t\t\t\t\t<div class=\"elementor-column elementor-col-100 elementor-top-column elementor-element elementor-element-c1c9140\" data-id=\"c1c9140\" data-element_type=\"column\">\n\t\t\t<div class=\"elementor-widget-wrap elementor-element-populated\">\n\t\t\t\t\t\t<div class=\"elementor-element elementor-element-d00af60 elementor-widget elementor-widget-video\" data-id=\"d00af60\" data-element_type=\"widget\" data-settings=\"{&quot;youtube_url&quot;:&quot;https:\\\/\\\/youtu.be\\\/LvexRZuAkAI&quot;,&quot;video_type&quot;:&quot;youtube&quot;,&quot;controls&quot;:&quot;yes&quot;}\" data-widget_type=\"video.default\">\n\t\t\t\t<div class=\"elementor-widget-container\">\n\t\t\t\t\t<div class=\"elementor-wrapper elementor-open-inline\">\n\t\t\t<div class=\"elementor-video\"><\/div>\t\t<\/div>\n\t\t\t\t<\/div>\n\t\t\t\t<\/div>\n\t\t\t\t\t<\/div>\n\t\t<\/div>\n\t\t\t\t\t<\/div>\n\t\t<\/section>\n\t\t\t\t<section class=\"elementor-section elementor-top-section elementor-element elementor-element-6450dfc elementor-section-boxed elementor-section-height-default elementor-section-height-default\" data-id=\"6450dfc\" data-element_type=\"section\">\n\t\t\t\t\t\t<div class=\"elementor-container elementor-column-gap-default\">\n\t\t\t\t\t<div class=\"elementor-column elementor-col-50 elementor-top-column elementor-element elementor-element-a103a38\" data-id=\"a103a38\" data-element_type=\"column\">\n\t\t\t<div class=\"elementor-widget-wrap elementor-element-populated\">\n\t\t\t\t\t\t<div class=\"elementor-element elementor-element-4cb8dbc elementor-widget elementor-widget-text-editor\" data-id=\"4cb8dbc\" data-element_type=\"widget\" data-widget_type=\"text-editor.default\">\n\t\t\t\t<div class=\"elementor-widget-container\">\n\t\t\t<style>\/*! elementor - v3.21.0 - 20-05-2024 *\/\n.elementor-widget-text-editor.elementor-drop-cap-view-stacked .elementor-drop-cap{background-color:#69727d;color:#fff}.elementor-widget-text-editor.elementor-drop-cap-view-framed .elementor-drop-cap{color:#69727d;border:3px solid;background-color:transparent}.elementor-widget-text-editor:not(.elementor-drop-cap-view-default) .elementor-drop-cap{margin-top:8px}.elementor-widget-text-editor:not(.elementor-drop-cap-view-default) .elementor-drop-cap-letter{width:1em;height:1em}.elementor-widget-text-editor .elementor-drop-cap{float:left;text-align:center;line-height:1;font-size:50px}.elementor-widget-text-editor .elementor-drop-cap-letter{display:inline-block}<\/style>\t\t\t\t<h2><strong>\u00bfQu\u00e9 hacer durante una estancia en Hossegor?<\/strong><\/h2><p>Hossegor es la capital de la modernidad y la juventud en Les Landes. Esta colorida ciudad es el hogar de todos los visionarios, artistas y originales. Para descubrir esta cultura y empaparse del ambiente de Hossegor, t\u00f3mese el tiempo de visitar las numerosas tiendas donde los artistas locales se encuentran y se relajan mientras admiran sus impresionantes paisajes naturales.<\/p>\t\t\t\t\t\t<\/div>\n\t\t\t\t<\/div>\n\t\t\t\t\t<\/div>\n\t\t<\/div>\n\t\t\t\t<div class=\"elementor-column elementor-col-50 elementor-top-column elementor-element elementor-element-0a967f9\" data-id=\"0a967f9\" data-element_type=\"column\">\n\t\t\t<div class=\"elementor-widget-wrap elementor-element-populated\">\n\t\t\t\t\t\t<div class=\"elementor-element elementor-element-c3a1460 elementor-widget elementor-widget-image\" data-id=\"c3a1460\" data-element_type=\"widget\" data-widget_type=\"image.default\">\n\t\t\t\t<div class=\"elementor-widget-container\">\n\t\t\t<style>\/*! elementor - v3.21.0 - 20-05-2024 *\/\n.elementor-widget-image{text-align:center}.elementor-widget-image a{display:inline-block}.elementor-widget-image a img[src$=\".svg\"]{width:48px}.elementor-widget-image img{vertical-align:middle;display:inline-block}<\/style>\t\t\t\t\t\t\t\t\t\t<img fetchpriority=\"high\" decoding=\"async\" width=\"800\" height=\"450\" src=\"https:\/\/www.leshaka.com\/wp-content\/uploads\/2022\/04\/20190921_181201-1560x878-1-1024x576.jpg\" class=\"attachment-large size-large wp-image-15887\" alt=\"\" srcset=\"https:\/\/www.leshaka.com\/wp-content\/uploads\/2022\/04\/20190921_181201-1560x878-1-1024x576.jpg 1024w, https:\/\/www.leshaka.com\/wp-content\/uploads\/2022\/04\/20190921_181201-1560x878-1-300x169.jpg 300w, https:\/\/www.leshaka.com\/wp-content\/uploads\/2022\/04\/20190921_181201-1560x878-1-768x432.jpg 768w, https:\/\/www.leshaka.com\/wp-content\/uploads\/2022\/04\/20190921_181201-1560x878-1-1536x864.jpg 1536w, https:\/\/www.leshaka.com\/wp-content\/uploads\/2022\/04\/20190921_181201-1560x878-1.jpg 1560w\" sizes=\"(max-width: 800px) 100vw, 800px\" \/>\t\t\t\t\t\t\t\t\t\t\t\t\t<\/div>\n\t\t\t\t<\/div>\n\t\t\t\t\t<\/div>\n\t\t<\/div>\n\t\t\t\t\t<\/div>\n\t\t<\/section>\n\t\t\t\t<section class=\"elementor-section elementor-top-section elementor-element elementor-element-0bbab25 elementor-section-boxed elementor-section-height-default elementor-section-height-default\" data-id=\"0bbab25\" data-element_type=\"section\">\n\t\t\t\t\t\t<div class=\"elementor-container elementor-column-gap-default\">\n\t\t\t\t\t<div class=\"elementor-column elementor-col-50 elementor-top-column elementor-element elementor-element-5ed26a1\" data-id=\"5ed26a1\" data-element_type=\"column\">\n\t\t\t<div class=\"elementor-widget-wrap elementor-element-populated\">\n\t\t\t\t\t\t<div class=\"elementor-element elementor-element-8052cad elementor-widget elementor-widget-image\" data-id=\"8052cad\" data-element_type=\"widget\" data-widget_type=\"image.default\">\n\t\t\t\t<div class=\"elementor-widget-container\">\n\t\t\t\t\t\t\t\t\t\t\t\t\t<img decoding=\"async\" width=\"800\" height=\"400\" src=\"https:\/\/www.leshaka.com\/wp-content\/uploads\/2022\/04\/20220210181022-nv4a373-1024x512.jpg\" class=\"attachment-large size-large wp-image-15885\" alt=\"\" srcset=\"https:\/\/www.leshaka.com\/wp-content\/uploads\/2022\/04\/20220210181022-nv4a373-1024x512.jpg 1024w, https:\/\/www.leshaka.com\/wp-content\/uploads\/2022\/04\/20220210181022-nv4a373-300x150.jpg 300w, https:\/\/www.leshaka.com\/wp-content\/uploads\/2022\/04\/20220210181022-nv4a373-768x384.jpg 768w, https:\/\/www.leshaka.com\/wp-content\/uploads\/2022\/04\/20220210181022-nv4a373.jpg 1200w\" sizes=\"(max-width: 800px) 100vw, 800px\" \/>\t\t\t\t\t\t\t\t\t\t\t\t\t<\/div>\n\t\t\t\t<\/div>\n\t\t\t\t\t<\/div>\n\t\t<\/div>\n\t\t\t\t<div class=\"elementor-column elementor-col-50 elementor-top-column elementor-element elementor-element-60ff4e6\" data-id=\"60ff4e6\" data-element_type=\"column\">\n\t\t\t<div class=\"elementor-widget-wrap elementor-element-populated\">\n\t\t\t\t\t\t<div class=\"elementor-element elementor-element-60ebac8 elementor-widget elementor-widget-text-editor\" data-id=\"60ebac8\" data-element_type=\"widget\" data-widget_type=\"text-editor.default\">\n\t\t\t\t<div class=\"elementor-widget-container\">\n\t\t\t\t\t\t\t<h2><strong>Visita boutiques de dise\u00f1adores<\/strong><\/h2><p>En las Landas, la ciudad de Hossegor es muy famosa por ser un lugar de moda y actual. Es decir, acoge a todo tipo de artistas y creadores que han construido all\u00ed tiendas para exponer sus obras. Para deleite de todos, estas tiendas son el lugar ineludible para encontrar todo tipo de objetos y obras originales. \u00a1Estas tiendas est\u00e1n todas ubicadas en el centro de la ciudad, donde bulle toda la juventud y el coraz\u00f3n de Hossegor!<\/p><p>Para descubrir las tiendas m\u00e1s hermosas de los dise\u00f1adores de ropa locales, recurrimos a la Pop Up Store \u00fanica en este lugar. Son nada menos que 15 creadores y sus obras, cada uno tan diferente como el otro. Sin mencionar los accesorios y zapatos que lo acompa\u00f1an. Tambi\u00e9n est\u00e1 la boutique Step Art, que se especializa en el dise\u00f1o y personalizaci\u00f3n de camisetas. La particularidad de esta tienda es llamar a los artistas cada temporada y dejar que expresen su creatividad en estas prendas. Los productos siguen estando diversificados, pues tambi\u00e9n puedes encontrar tazas, vasos u otros complementos personalizados.<\/p>\t\t\t\t\t\t<\/div>\n\t\t\t\t<\/div>\n\t\t\t\t\t<\/div>\n\t\t<\/div>\n\t\t\t\t\t<\/div>\n\t\t<\/section>\n\t\t\t\t<section class=\"elementor-section elementor-top-section elementor-element elementor-element-9799ee3 elementor-section-boxed elementor-section-height-default elementor-section-height-default\" data-id=\"9799ee3\" data-element_type=\"section\">\n\t\t\t\t\t\t<div class=\"elementor-container elementor-column-gap-default\">\n\t\t\t\t\t<div class=\"elementor-column elementor-col-50 elementor-top-column elementor-element elementor-element-8f9f24f\" data-id=\"8f9f24f\" data-element_type=\"column\">\n\t\t\t<div class=\"elementor-widget-wrap elementor-element-populated\">\n\t\t\t\t\t\t<div class=\"elementor-element elementor-element-1f63dc3 elementor-widget elementor-widget-text-editor\" data-id=\"1f63dc3\" data-element_type=\"widget\" data-widget_type=\"text-editor.default\">\n\t\t\t\t<div class=\"elementor-widget-container\">\n\t\t\t\t\t\t\t<h2><strong>Admirar el lago Hossegor<\/strong><\/h2><p>Una vez que hemos terminado la sesi\u00f3n de compras, ahora es el momento de descubrir las maravillas de la naturaleza en Hossegor. Y el sitio tur\u00edstico que definitivamente debes admirar es el lago de Hossegor. Adem\u00e1s de las playas de ensue\u00f1o de esta ciudad, la<br \/>es particularmente hermoso con su apariencia cambiando durante todo el d\u00eda. Est\u00e1 conectado al oc\u00e9ano por un canal, lo que hace que se mueva con cada marea y lo hace tan especial.<\/p><p>Para acceder al lago de Hossegor, primero hay que pasar por una ruta de senderismo. Esto aumenta a\u00fan m\u00e1s el placer porque se puede admirar la belleza de los paisajes naturales de los alrededores. Para los que no tienen miedo, tambi\u00e9n es recomendable recorrer los 7,4 km alrededor del lago. De camino nos topamos con las villas vasco-landesas cuyo encanto es \u00fanico en el mundo.<\/p><p>Adem\u00e1s, en el otro extremo del lago hay unas chozas de ostras muy recomendables para pasar un buen rato. Ofrecen todo tipo de platos a base de ostras, pero tambi\u00e9n ostras frescas para disfrutar sin moderaci\u00f3n. Por no hablar de su variada carta de vinos para acompa\u00f1ar la comida.<\/p>\t\t\t\t\t\t<\/div>\n\t\t\t\t<\/div>\n\t\t\t\t\t<\/div>\n\t\t<\/div>\n\t\t\t\t<div class=\"elementor-column elementor-col-50 elementor-top-column elementor-element elementor-element-fd1b7bc\" data-id=\"fd1b7bc\" data-element_type=\"column\">\n\t\t\t<div class=\"elementor-widget-wrap elementor-element-populated\">\n\t\t\t\t\t\t<div class=\"elementor-element elementor-element-861421f elementor-widget elementor-widget-image\" data-id=\"861421f\" data-element_type=\"widget\" data-widget_type=\"image.default\">\n\t\t\t\t<div class=\"elementor-widget-container\">\n\t\t\t\t\t\t\t\t\t\t\t\t\t<img decoding=\"async\" width=\"474\" height=\"333\" src=\"https:\/\/www.leshaka.com\/wp-content\/uploads\/2022\/04\/lac-hossegor.jpg\" class=\"attachment-full size-full wp-image-15889\" alt=\"\" srcset=\"https:\/\/www.leshaka.com\/wp-content\/uploads\/2022\/04\/lac-hossegor.jpg 474w, https:\/\/www.leshaka.com\/wp-content\/uploads\/2022\/04\/lac-hossegor-300x211.jpg 300w\" sizes=\"(max-width: 474px) 100vw, 474px\" \/>\t\t\t\t\t\t\t\t\t\t\t\t\t<\/div>\n\t\t\t\t<\/div>\n\t\t\t\t\t<\/div>\n\t\t<\/div>\n\t\t\t\t\t<\/div>\n\t\t<\/section>\n\t\t\t\t<\/div>\n\t\t","protected":false},"excerpt":{"rendered":"<p>HOSSEGOR https:\/\/youtu.be\/AzSxNWRZ94ohttps:\/\/youtu.be\/LvexRZuAkAI \u00bfQu\u00e9 hacer durante una estancia en Hossegor? Hossegor es la capital de la modernidad y la juventud en Les Landes. Esta colorida ciudad es el hogar de todos los visionarios, artistas y originales. Para descubrir esta cultura y empaparse del ambiente de Hossegor, t\u00f3mese el tiempo de visitar las numerosas tiendas donde los [&hellip;]<\/p>\n","protected":false},"author":2,"featured_media":0,"parent":0,"menu_order":0,"comment_status":"closed","ping_status":"closed","template":"","meta":{"footnotes":""},"class_list":["post-16742","page","type-page","status-publish","hentry"],"yoast_head":"<!-- This site is optimized with the Yoast SEO plugin v27.4 - https:\/\/yoast.com\/product\/yoast-seo-wordpress\/ -->\n<title>HOSSEGOR - Le Shaka - Seignosse Plage - Le Penon<\/title>\n<meta name=\"robots\" content=\"index, follow, max-snippet:-1, max-image-preview:large, max-video-preview:-1\" \/>\n<link rel=\"canonical\" href=\"https:\/\/www.leshaka.com\/es\/hossegor\/\" \/>\n<meta property=\"og:locale\" content=\"es_ES\" \/>\n<meta property=\"og:type\" content=\"article\" \/>\n<meta property=\"og:title\" content=\"HOSSEGOR - Le Shaka - Seignosse Plage - Le Penon\" \/>\n<meta property=\"og:description\" content=\"HOSSEGOR https:\/\/youtu.be\/AzSxNWRZ94ohttps:\/\/youtu.be\/LvexRZuAkAI \u00bfQu\u00e9 hacer durante una estancia en Hossegor? Hossegor es la capital de la modernidad y la juventud en Les Landes. Esta colorida ciudad es el hogar de todos los visionarios, artistas y originales. Para descubrir esta cultura y empaparse del ambiente de Hossegor, t\u00f3mese el tiempo de visitar las numerosas tiendas donde los [&hellip;]\" \/>\n<meta property=\"og:url\" content=\"https:\/\/www.leshaka.com\/es\/hossegor\/\" \/>\n<meta property=\"og:site_name\" content=\"Le Shaka - Seignosse Plage - Le Penon\" \/>\n<meta property=\"article:modified_time\" content=\"2022-07-26T11:21:17+00:00\" \/>\n<meta property=\"og:image\" content=\"https:\/\/www.leshaka.com\/wp-content\/uploads\/2022\/04\/20190921_181201-1560x878-1-1024x576.jpg\" \/>\n<meta name=\"twitter:card\" content=\"summary_large_image\" \/>\n<meta name=\"twitter:label1\" content=\"Tiempo de lectura\" \/>\n\t<meta name=\"twitter:data1\" content=\"2 minutos\" \/>\n<script type=\"application\/ld+json\" class=\"yoast-schema-graph\">{\"@context\":\"https:\\\/\\\/schema.org\",\"@graph\":[{\"@type\":\"WebPage\",\"@id\":\"https:\\\/\\\/www.leshaka.com\\\/es\\\/hossegor\\\/\",\"url\":\"https:\\\/\\\/www.leshaka.com\\\/es\\\/hossegor\\\/\",\"name\":\"HOSSEGOR - Le Shaka - Seignosse Plage - Le Penon\",\"isPartOf\":{\"@id\":\"https:\\\/\\\/www.leshaka.com\\\/#website\"},\"primaryImageOfPage\":{\"@id\":\"https:\\\/\\\/www.leshaka.com\\\/es\\\/hossegor\\\/#primaryimage\"},\"image\":{\"@id\":\"https:\\\/\\\/www.leshaka.com\\\/es\\\/hossegor\\\/#primaryimage\"},\"thumbnailUrl\":\"https:\\\/\\\/www.leshaka.com\\\/wp-content\\\/uploads\\\/2022\\\/04\\\/20190921_181201-1560x878-1-1024x576.jpg\",\"datePublished\":\"2021-03-05T21:00:09+00:00\",\"dateModified\":\"2022-07-26T11:21:17+00:00\",\"breadcrumb\":{\"@id\":\"https:\\\/\\\/www.leshaka.com\\\/es\\\/hossegor\\\/#breadcrumb\"},\"inLanguage\":\"es\",\"potentialAction\":[{\"@type\":\"ReadAction\",\"target\":[\"https:\\\/\\\/www.leshaka.com\\\/es\\\/hossegor\\\/\"]}]},{\"@type\":\"ImageObject\",\"inLanguage\":\"es\",\"@id\":\"https:\\\/\\\/www.leshaka.com\\\/es\\\/hossegor\\\/#primaryimage\",\"url\":\"https:\\\/\\\/www.leshaka.com\\\/wp-content\\\/uploads\\\/2022\\\/04\\\/20190921_181201-1560x878-1-1024x576.jpg\",\"contentUrl\":\"https:\\\/\\\/www.leshaka.com\\\/wp-content\\\/uploads\\\/2022\\\/04\\\/20190921_181201-1560x878-1-1024x576.jpg\"},{\"@type\":\"BreadcrumbList\",\"@id\":\"https:\\\/\\\/www.leshaka.com\\\/es\\\/hossegor\\\/#breadcrumb\",\"itemListElement\":[{\"@type\":\"ListItem\",\"position\":1,\"name\":\"Accueil\",\"item\":\"https:\\\/\\\/www.leshaka.com\\\/en\\\/\"},{\"@type\":\"ListItem\",\"position\":2,\"name\":\"HOSSEGOR\"}]},{\"@type\":\"WebSite\",\"@id\":\"https:\\\/\\\/www.leshaka.com\\\/#website\",\"url\":\"https:\\\/\\\/www.leshaka.com\\\/\",\"name\":\"Le Shaka - Seignosse Plage - Le Penon\",\"description\":\"Location studio meubl\u00e9 \u00e0 Seignosse Le Penon\",\"publisher\":{\"@id\":\"https:\\\/\\\/www.leshaka.com\\\/#organization\"},\"potentialAction\":[{\"@type\":\"SearchAction\",\"target\":{\"@type\":\"EntryPoint\",\"urlTemplate\":\"https:\\\/\\\/www.leshaka.com\\\/?s={search_term_string}\"},\"query-input\":{\"@type\":\"PropertyValueSpecification\",\"valueRequired\":true,\"valueName\":\"search_term_string\"}}],\"inLanguage\":\"es\"},{\"@type\":\"Organization\",\"@id\":\"https:\\\/\\\/www.leshaka.com\\\/#organization\",\"name\":\"Le Shaka - Seignosse Plage - Le Penon\",\"url\":\"https:\\\/\\\/www.leshaka.com\\\/\",\"logo\":{\"@type\":\"ImageObject\",\"inLanguage\":\"es\",\"@id\":\"https:\\\/\\\/www.leshaka.com\\\/#\\\/schema\\\/logo\\\/image\\\/\",\"url\":\"https:\\\/\\\/www.leshaka.com\\\/wp-content\\\/uploads\\\/2022\\\/04\\\/cropped-shaka-logo.png\",\"contentUrl\":\"https:\\\/\\\/www.leshaka.com\\\/wp-content\\\/uploads\\\/2022\\\/04\\\/cropped-shaka-logo.png\",\"width\":200,\"height\":58,\"caption\":\"Le Shaka - Seignosse Plage - Le Penon\"},\"image\":{\"@id\":\"https:\\\/\\\/www.leshaka.com\\\/#\\\/schema\\\/logo\\\/image\\\/\"}}]}<\/script>\n<!-- \/ Yoast SEO plugin. -->","yoast_head_json":{"title":"HOSSEGOR - Le Shaka - Seignosse Plage - Le Penon","robots":{"index":"index","follow":"follow","max-snippet":"max-snippet:-1","max-image-preview":"max-image-preview:large","max-video-preview":"max-video-preview:-1"},"canonical":"https:\/\/www.leshaka.com\/es\/hossegor\/","og_locale":"es_ES","og_type":"article","og_title":"HOSSEGOR - Le Shaka - Seignosse Plage - Le Penon","og_description":"HOSSEGOR https:\/\/youtu.be\/AzSxNWRZ94ohttps:\/\/youtu.be\/LvexRZuAkAI \u00bfQu\u00e9 hacer durante una estancia en Hossegor? Hossegor es la capital de la modernidad y la juventud en Les Landes. Esta colorida ciudad es el hogar de todos los visionarios, artistas y originales. Para descubrir esta cultura y empaparse del ambiente de Hossegor, t\u00f3mese el tiempo de visitar las numerosas tiendas donde los [&hellip;]","og_url":"https:\/\/www.leshaka.com\/es\/hossegor\/","og_site_name":"Le Shaka - Seignosse Plage - Le Penon","article_modified_time":"2022-07-26T11:21:17+00:00","og_image":[{"url":"https:\/\/www.leshaka.com\/wp-content\/uploads\/2022\/04\/20190921_181201-1560x878-1-1024x576.jpg","type":"","width":"","height":""}],"twitter_card":"summary_large_image","twitter_misc":{"Tiempo de lectura":"2 minutos"},"schema":{"@context":"https:\/\/schema.org","@graph":[{"@type":"WebPage","@id":"https:\/\/www.leshaka.com\/es\/hossegor\/","url":"https:\/\/www.leshaka.com\/es\/hossegor\/","name":"HOSSEGOR - Le Shaka - Seignosse Plage - Le Penon","isPartOf":{"@id":"https:\/\/www.leshaka.com\/#website"},"primaryImageOfPage":{"@id":"https:\/\/www.leshaka.com\/es\/hossegor\/#primaryimage"},"image":{"@id":"https:\/\/www.leshaka.com\/es\/hossegor\/#primaryimage"},"thumbnailUrl":"https:\/\/www.leshaka.com\/wp-content\/uploads\/2022\/04\/20190921_181201-1560x878-1-1024x576.jpg","datePublished":"2021-03-05T21:00:09+00:00","dateModified":"2022-07-26T11:21:17+00:00","breadcrumb":{"@id":"https:\/\/www.leshaka.com\/es\/hossegor\/#breadcrumb"},"inLanguage":"es","potentialAction":[{"@type":"ReadAction","target":["https:\/\/www.leshaka.com\/es\/hossegor\/"]}]},{"@type":"ImageObject","inLanguage":"es","@id":"https:\/\/www.leshaka.com\/es\/hossegor\/#primaryimage","url":"https:\/\/www.leshaka.com\/wp-content\/uploads\/2022\/04\/20190921_181201-1560x878-1-1024x576.jpg","contentUrl":"https:\/\/www.leshaka.com\/wp-content\/uploads\/2022\/04\/20190921_181201-1560x878-1-1024x576.jpg"},{"@type":"BreadcrumbList","@id":"https:\/\/www.leshaka.com\/es\/hossegor\/#breadcrumb","itemListElement":[{"@type":"ListItem","position":1,"name":"Accueil","item":"https:\/\/www.leshaka.com\/en\/"},{"@type":"ListItem","position":2,"name":"HOSSEGOR"}]},{"@type":"WebSite","@id":"https:\/\/www.leshaka.com\/#website","url":"https:\/\/www.leshaka.com\/","name":"Le Shaka - Seignosse Plage - Le Penon","description":"Location studio meubl\u00e9 \u00e0 Seignosse Le Penon","publisher":{"@id":"https:\/\/www.leshaka.com\/#organization"},"potentialAction":[{"@type":"SearchAction","target":{"@type":"EntryPoint","urlTemplate":"https:\/\/www.leshaka.com\/?s={search_term_string}"},"query-input":{"@type":"PropertyValueSpecification","valueRequired":true,"valueName":"search_term_string"}}],"inLanguage":"es"},{"@type":"Organization","@id":"https:\/\/www.leshaka.com\/#organization","name":"Le Shaka - Seignosse Plage - Le Penon","url":"https:\/\/www.leshaka.com\/","logo":{"@type":"ImageObject","inLanguage":"es","@id":"https:\/\/www.leshaka.com\/#\/schema\/logo\/image\/","url":"https:\/\/www.leshaka.com\/wp-content\/uploads\/2022\/04\/cropped-shaka-logo.png","contentUrl":"https:\/\/www.leshaka.com\/wp-content\/uploads\/2022\/04\/cropped-shaka-logo.png","width":200,"height":58,"caption":"Le Shaka - Seignosse Plage - Le Penon"},"image":{"@id":"https:\/\/www.leshaka.com\/#\/schema\/logo\/image\/"}}]}},"_links":{"self":[{"href":"https:\/\/www.leshaka.com\/es\/wp-json\/wp\/v2\/pages\/16742","targetHints":{"allow":["GET"]}}],"collection":[{"href":"https:\/\/www.leshaka.com\/es\/wp-json\/wp\/v2\/pages"}],"about":[{"href":"https:\/\/www.leshaka.com\/es\/wp-json\/wp\/v2\/types\/page"}],"author":[{"embeddable":true,"href":"https:\/\/www.leshaka.com\/es\/wp-json\/wp\/v2\/users\/2"}],"replies":[{"embeddable":true,"href":"https:\/\/www.leshaka.com\/es\/wp-json\/wp\/v2\/comments?post=16742"}],"version-history":[{"count":5,"href":"https:\/\/www.leshaka.com\/es\/wp-json\/wp\/v2\/pages\/16742\/revisions"}],"predecessor-version":[{"id":16771,"href":"https:\/\/www.leshaka.com\/es\/wp-json\/wp\/v2\/pages\/16742\/revisions\/16771"}],"wp:attachment":[{"href":"https:\/\/www.leshaka.com\/es\/wp-json\/wp\/v2\/media?parent=16742"}],"curies":[{"name":"wp","href":"https:\/\/api.w.org\/{rel}","templated":true}]}}