{"id":18801,"date":"2023-06-21T09:59:26","date_gmt":"2023-06-21T07:59:26","guid":{"rendered":"https:\/\/www.leshaka.com\/?page_id=18801"},"modified":"2023-06-26T10:14:38","modified_gmt":"2023-06-26T08:14:38","slug":"bienvenue","status":"publish","type":"page","link":"https:\/\/www.leshaka.com\/es\/app\/bienvenue\/","title":{"rendered":"App Bienvenue"},"content":{"rendered":"\t\t<div data-elementor-type=\"wp-page\" data-elementor-id=\"18801\" class=\"elementor elementor-18801 elementor-17493\" data-elementor-post-type=\"page\">\n\t\t\t\t\t\t<section class=\"elementor-section elementor-top-section elementor-element elementor-element-f687bcb elementor-section-boxed elementor-section-height-default elementor-section-height-default\" data-id=\"f687bcb\" data-element_type=\"section\" data-settings=\"{&quot;background_background&quot;:&quot;classic&quot;}\">\n\t\t\t\t\t\t<div class=\"elementor-container elementor-column-gap-default\">\n\t\t\t\t\t<div class=\"elementor-column elementor-col-100 elementor-top-column elementor-element elementor-element-87d7119\" data-id=\"87d7119\" data-element_type=\"column\">\n\t\t\t<div class=\"elementor-widget-wrap elementor-element-populated\">\n\t\t\t\t\t\t<div class=\"elementor-element elementor-element-3c9c929 elementor-widget elementor-widget-text-editor\" data-id=\"3c9c929\" data-element_type=\"widget\" data-widget_type=\"text-editor.default\">\n\t\t\t\t<div class=\"elementor-widget-container\">\n\t\t\t<style>\/*! elementor - v3.21.0 - 20-05-2024 *\/\n.elementor-widget-text-editor.elementor-drop-cap-view-stacked .elementor-drop-cap{background-color:#69727d;color:#fff}.elementor-widget-text-editor.elementor-drop-cap-view-framed .elementor-drop-cap{color:#69727d;border:3px solid;background-color:transparent}.elementor-widget-text-editor:not(.elementor-drop-cap-view-default) .elementor-drop-cap{margin-top:8px}.elementor-widget-text-editor:not(.elementor-drop-cap-view-default) .elementor-drop-cap-letter{width:1em;height:1em}.elementor-widget-text-editor .elementor-drop-cap{float:left;text-align:center;line-height:1;font-size:50px}.elementor-widget-text-editor .elementor-drop-cap-letter{display:inline-block}<\/style>\t\t\t\t<h2>Tu anfitri\u00f3n<\/h2>\t\t\t\t\t\t<\/div>\n\t\t\t\t<\/div>\n\t\t\t\t<div class=\"elementor-element elementor-element-9eec724 elementor-absolute elementor-hidden-desktop elementor-hidden-tablet elementor-view-default elementor-widget elementor-widget-icon\" data-id=\"9eec724\" data-element_type=\"widget\" data-settings=\"{&quot;_position&quot;:&quot;absolute&quot;}\" data-widget_type=\"icon.default\">\n\t\t\t\t<div class=\"elementor-widget-container\">\n\t\t\t\t\t<div class=\"elementor-icon-wrapper\">\n\t\t\t<a class=\"elementor-icon\" href=\"https:\/\/www.leshaka.com\/app\">\n\t\t\t<i aria-hidden=\"true\" class=\"far fa-caret-square-left\"><\/i>\t\t\t<\/a>\n\t\t<\/div>\n\t\t\t\t<\/div>\n\t\t\t\t<\/div>\n\t\t\t\t<div class=\"elementor-element elementor-element-8655c4c elementor-absolute elementor-hidden-desktop elementor-hidden-tablet elementor-view-default elementor-widget elementor-widget-icon\" data-id=\"8655c4c\" data-element_type=\"widget\" data-settings=\"{&quot;_position&quot;:&quot;absolute&quot;}\" data-widget_type=\"icon.default\">\n\t\t\t\t<div class=\"elementor-widget-container\">\n\t\t\t\t\t<div class=\"elementor-icon-wrapper\">\n\t\t\t<a class=\"elementor-icon\" href=\"https:\/\/www.leshaka.com\/es\/app\">\n\t\t\t<i aria-hidden=\"true\" class=\"far fa-caret-square-left\"><\/i>\t\t\t<\/a>\n\t\t<\/div>\n\t\t\t\t<\/div>\n\t\t\t\t<\/div>\n\t\t\t\t\t<\/div>\n\t\t<\/div>\n\t\t\t\t\t<\/div>\n\t\t<\/section>\n\t\t\t\t<section class=\"elementor-section elementor-top-section elementor-element elementor-element-59696b9 elementor-section-boxed elementor-section-height-default elementor-section-height-default\" data-id=\"59696b9\" data-element_type=\"section\" data-settings=\"{&quot;background_background&quot;:&quot;classic&quot;}\">\n\t\t\t\t\t\t<div class=\"elementor-container elementor-column-gap-default\">\n\t\t\t\t\t<div class=\"elementor-column elementor-col-100 elementor-top-column elementor-element elementor-element-3b3ef36\" data-id=\"3b3ef36\" data-element_type=\"column\">\n\t\t\t<div class=\"elementor-widget-wrap elementor-element-populated\">\n\t\t\t\t\t\t<div class=\"elementor-element elementor-element-1f68357 elementor-widget elementor-widget-image\" data-id=\"1f68357\" data-element_type=\"widget\" data-widget_type=\"image.default\">\n\t\t\t\t<div class=\"elementor-widget-container\">\n\t\t\t<style>\/*! elementor - v3.21.0 - 20-05-2024 *\/\n.elementor-widget-image{text-align:center}.elementor-widget-image a{display:inline-block}.elementor-widget-image a img[src$=\".svg\"]{width:48px}.elementor-widget-image img{vertical-align:middle;display:inline-block}<\/style>\t\t\t\t\t\t\t\t\t\t<img decoding=\"async\" src=\"https:\/\/www.leshaka.com\/wp-content\/uploads\/elementor\/thumbs\/2-1-q8a3ozm5tyzivw86r3cj5c29nsaqmr5aosv26pabio.jpg\" title=\"2\" alt=\"2\" loading=\"lazy\" \/>\t\t\t\t\t\t\t\t\t\t\t\t\t<\/div>\n\t\t\t\t<\/div>\n\t\t\t\t\t<\/div>\n\t\t<\/div>\n\t\t\t\t\t<\/div>\n\t\t<\/section>\n\t\t\t\t<section class=\"elementor-section elementor-top-section elementor-element elementor-element-4ec7b62 elementor-section-boxed elementor-section-height-default elementor-section-height-default\" data-id=\"4ec7b62\" data-element_type=\"section\" data-settings=\"{&quot;background_background&quot;:&quot;classic&quot;}\">\n\t\t\t\t\t\t<div class=\"elementor-container elementor-column-gap-default\">\n\t\t\t\t\t<div class=\"elementor-column elementor-col-100 elementor-top-column elementor-element elementor-element-97779ab\" data-id=\"97779ab\" data-element_type=\"column\">\n\t\t\t<div class=\"elementor-widget-wrap elementor-element-populated\">\n\t\t\t\t\t\t<div class=\"elementor-element elementor-element-ccf3288 elementor-widget elementor-widget-text-editor\" data-id=\"ccf3288\" data-element_type=\"widget\" data-widget_type=\"text-editor.default\">\n\t\t\t\t<div class=\"elementor-widget-container\">\n\t\t\t\t\t\t\t<p>Hola, quiero agradecerte por elegir uno de nuestros estudios para tu estancia en Seignosse. \u00a1Has tomado la decisi\u00f3n correcta! \ud83d\ude42<\/p>\n<p>Aqu\u00ed encontrar\u00e1s la informaci\u00f3n \u00fatil para mejorar tu estancia. Te invito cordialmente a compartir tus consejos con nosotros si lo deseas.<\/p>\n<p>\u00a1QUE TENGAS UNA ESTANCIA AGRADABLE!<\/p>\t\t\t\t\t\t<\/div>\n\t\t\t\t<\/div>\n\t\t\t\t\t<\/div>\n\t\t<\/div>\n\t\t\t\t\t<\/div>\n\t\t<\/section>\n\t\t\t\t<section class=\"elementor-section elementor-top-section elementor-element elementor-element-e9a867d elementor-section-boxed elementor-section-height-default elementor-section-height-default\" data-id=\"e9a867d\" data-element_type=\"section\">\n\t\t\t\t\t\t<div class=\"elementor-container elementor-column-gap-default\">\n\t\t\t\t\t<div class=\"elementor-column elementor-col-100 elementor-top-column elementor-element elementor-element-772ac0f\" data-id=\"772ac0f\" data-element_type=\"column\">\n\t\t\t<div class=\"elementor-widget-wrap elementor-element-populated\">\n\t\t\t\t\t\t<div class=\"elementor-element elementor-element-491cb46 elementor-widget elementor-widget-image\" data-id=\"491cb46\" data-element_type=\"widget\" data-widget_type=\"image.default\">\n\t\t\t\t<div class=\"elementor-widget-container\">\n\t\t\t\t\t\t\t\t\t\t\t\t\t<img fetchpriority=\"high\" decoding=\"async\" width=\"398\" height=\"172\" src=\"https:\/\/www.leshaka.com\/wp-content\/uploads\/2023\/06\/sign-oman-bl.png\" class=\"attachment-large size-large wp-image-18466\" alt=\"\" srcset=\"https:\/\/www.leshaka.com\/wp-content\/uploads\/2023\/06\/sign-oman-bl.png 398w, https:\/\/www.leshaka.com\/wp-content\/uploads\/2023\/06\/sign-oman-bl-300x130.png 300w\" sizes=\"(max-width: 398px) 100vw, 398px\" \/>\t\t\t\t\t\t\t\t\t\t\t\t\t<\/div>\n\t\t\t\t<\/div>\n\t\t\t\t\t<\/div>\n\t\t<\/div>\n\t\t\t\t\t<\/div>\n\t\t<\/section>\n\t\t\t\t<\/div>\n\t\t","protected":false},"excerpt":{"rendered":"<p>Tu anfitri\u00f3n Hola, quiero agradecerte por elegir uno de nuestros estudios para tu estancia en Seignosse. \u00a1Has tomado la decisi\u00f3n correcta! \ud83d\ude42 Aqu\u00ed encontrar\u00e1s la informaci\u00f3n \u00fatil para mejorar tu estancia. Te invito cordialmente a compartir tus consejos con nosotros si lo deseas. \u00a1QUE TENGAS UNA ESTANCIA AGRADABLE!<\/p>\n","protected":false},"author":2,"featured_media":0,"parent":18750,"menu_order":0,"comment_status":"closed","ping_status":"closed","template":"","meta":{"footnotes":""},"class_list":["post-18801","page","type-page","status-publish","hentry"],"yoast_head":"<!-- This site is optimized with the Yoast SEO plugin v27.5 - https:\/\/yoast.com\/product\/yoast-seo-wordpress\/ -->\n<title>Bienvenido - Le Shaka - Seignosse Plage - Le Penon<\/title>\n<meta name=\"robots\" content=\"index, follow, max-snippet:-1, max-image-preview:large, max-video-preview:-1\" \/>\n<link rel=\"canonical\" href=\"https:\/\/www.leshaka.com\/es\/app\/bienvenue\/\" \/>\n<meta property=\"og:locale\" content=\"es_ES\" \/>\n<meta property=\"og:type\" content=\"article\" \/>\n<meta property=\"og:title\" content=\"Bienvenido - Le Shaka - Seignosse Plage - Le Penon\" \/>\n<meta property=\"og:description\" content=\"Tu anfitri\u00f3n Hola, quiero agradecerte por elegir uno de nuestros estudios para tu estancia en Seignosse. \u00a1Has tomado la decisi\u00f3n correcta! \ud83d\ude42 Aqu\u00ed encontrar\u00e1s la informaci\u00f3n \u00fatil para mejorar tu estancia. Te invito cordialmente a compartir tus consejos con nosotros si lo deseas. \u00a1QUE TENGAS UNA ESTANCIA AGRADABLE!\" \/>\n<meta property=\"og:url\" content=\"https:\/\/www.leshaka.com\/es\/app\/bienvenue\/\" \/>\n<meta property=\"og:site_name\" content=\"Le Shaka - Seignosse Plage - Le Penon\" \/>\n<meta property=\"article:modified_time\" content=\"2023-06-26T08:14:38+00:00\" \/>\n<meta property=\"og:image\" content=\"https:\/\/www.leshaka.com\/wp-content\/uploads\/elementor\/thumbs\/2-1-q8a3ozm5tyzivw86r3cj5c29nsaqmr5aosv26pabio.jpg\" \/>\n<meta name=\"twitter:card\" content=\"summary_large_image\" \/>\n<meta name=\"twitter:label1\" content=\"Tiempo de lectura\" \/>\n\t<meta name=\"twitter:data1\" content=\"1 minuto\" \/>\n<script type=\"application\/ld+json\" class=\"yoast-schema-graph\">{\"@context\":\"https:\\\/\\\/schema.org\",\"@graph\":[{\"@type\":\"WebPage\",\"@id\":\"https:\\\/\\\/www.leshaka.com\\\/es\\\/app\\\/bienvenue\\\/\",\"url\":\"https:\\\/\\\/www.leshaka.com\\\/es\\\/app\\\/bienvenue\\\/\",\"name\":\"Bienvenido - Le Shaka - Seignosse Plage - Le Penon\",\"isPartOf\":{\"@id\":\"https:\\\/\\\/www.leshaka.com\\\/#website\"},\"primaryImageOfPage\":{\"@id\":\"https:\\\/\\\/www.leshaka.com\\\/es\\\/app\\\/bienvenue\\\/#primaryimage\"},\"image\":{\"@id\":\"https:\\\/\\\/www.leshaka.com\\\/es\\\/app\\\/bienvenue\\\/#primaryimage\"},\"thumbnailUrl\":\"https:\\\/\\\/www.leshaka.com\\\/wp-content\\\/uploads\\\/elementor\\\/thumbs\\\/2-1-q8a3ozm5tyzivw86r3cj5c29nsaqmr5aosv26pabio.jpg\",\"datePublished\":\"2023-06-21T07:59:26+00:00\",\"dateModified\":\"2023-06-26T08:14:38+00:00\",\"breadcrumb\":{\"@id\":\"https:\\\/\\\/www.leshaka.com\\\/es\\\/app\\\/bienvenue\\\/#breadcrumb\"},\"inLanguage\":\"es\",\"potentialAction\":[{\"@type\":\"ReadAction\",\"target\":[\"https:\\\/\\\/www.leshaka.com\\\/es\\\/app\\\/bienvenue\\\/\"]}]},{\"@type\":\"ImageObject\",\"inLanguage\":\"es\",\"@id\":\"https:\\\/\\\/www.leshaka.com\\\/es\\\/app\\\/bienvenue\\\/#primaryimage\",\"url\":\"https:\\\/\\\/www.leshaka.com\\\/wp-content\\\/uploads\\\/elementor\\\/thumbs\\\/2-1-q8a3ozm5tyzivw86r3cj5c29nsaqmr5aosv26pabio.jpg\",\"contentUrl\":\"https:\\\/\\\/www.leshaka.com\\\/wp-content\\\/uploads\\\/elementor\\\/thumbs\\\/2-1-q8a3ozm5tyzivw86r3cj5c29nsaqmr5aosv26pabio.jpg\"},{\"@type\":\"BreadcrumbList\",\"@id\":\"https:\\\/\\\/www.leshaka.com\\\/es\\\/app\\\/bienvenue\\\/#breadcrumb\",\"itemListElement\":[{\"@type\":\"ListItem\",\"position\":1,\"name\":\"Accueil\",\"item\":\"https:\\\/\\\/www.leshaka.com\\\/en\\\/\"},{\"@type\":\"ListItem\",\"position\":2,\"name\":\"App\",\"item\":\"https:\\\/\\\/www.leshaka.com\\\/es\\\/app\\\/\"},{\"@type\":\"ListItem\",\"position\":3,\"name\":\"App Bienvenue\"}]},{\"@type\":\"WebSite\",\"@id\":\"https:\\\/\\\/www.leshaka.com\\\/#website\",\"url\":\"https:\\\/\\\/www.leshaka.com\\\/\",\"name\":\"Le Shaka - Seignosse Plage - Le Penon\",\"description\":\"Location studio meubl\u00e9 \u00e0 Seignosse Le Penon\",\"publisher\":{\"@id\":\"https:\\\/\\\/www.leshaka.com\\\/#organization\"},\"potentialAction\":[{\"@type\":\"SearchAction\",\"target\":{\"@type\":\"EntryPoint\",\"urlTemplate\":\"https:\\\/\\\/www.leshaka.com\\\/?s={search_term_string}\"},\"query-input\":{\"@type\":\"PropertyValueSpecification\",\"valueRequired\":true,\"valueName\":\"search_term_string\"}}],\"inLanguage\":\"es\"},{\"@type\":\"Organization\",\"@id\":\"https:\\\/\\\/www.leshaka.com\\\/#organization\",\"name\":\"Le Shaka - Seignosse Plage - Le Penon\",\"url\":\"https:\\\/\\\/www.leshaka.com\\\/\",\"logo\":{\"@type\":\"ImageObject\",\"inLanguage\":\"es\",\"@id\":\"https:\\\/\\\/www.leshaka.com\\\/#\\\/schema\\\/logo\\\/image\\\/\",\"url\":\"https:\\\/\\\/www.leshaka.com\\\/wp-content\\\/uploads\\\/2022\\\/04\\\/cropped-shaka-logo.png\",\"contentUrl\":\"https:\\\/\\\/www.leshaka.com\\\/wp-content\\\/uploads\\\/2022\\\/04\\\/cropped-shaka-logo.png\",\"width\":200,\"height\":58,\"caption\":\"Le Shaka - Seignosse Plage - Le Penon\"},\"image\":{\"@id\":\"https:\\\/\\\/www.leshaka.com\\\/#\\\/schema\\\/logo\\\/image\\\/\"}}]}<\/script>\n<!-- \/ Yoast SEO plugin. -->","yoast_head_json":{"title":"Bienvenido - Le Shaka - Seignosse Plage - Le Penon","robots":{"index":"index","follow":"follow","max-snippet":"max-snippet:-1","max-image-preview":"max-image-preview:large","max-video-preview":"max-video-preview:-1"},"canonical":"https:\/\/www.leshaka.com\/es\/app\/bienvenue\/","og_locale":"es_ES","og_type":"article","og_title":"Bienvenido - Le Shaka - Seignosse Plage - Le Penon","og_description":"Tu anfitri\u00f3n Hola, quiero agradecerte por elegir uno de nuestros estudios para tu estancia en Seignosse. \u00a1Has tomado la decisi\u00f3n correcta! \ud83d\ude42 Aqu\u00ed encontrar\u00e1s la informaci\u00f3n \u00fatil para mejorar tu estancia. Te invito cordialmente a compartir tus consejos con nosotros si lo deseas. \u00a1QUE TENGAS UNA ESTANCIA AGRADABLE!","og_url":"https:\/\/www.leshaka.com\/es\/app\/bienvenue\/","og_site_name":"Le Shaka - Seignosse Plage - Le Penon","article_modified_time":"2023-06-26T08:14:38+00:00","og_image":[{"url":"https:\/\/www.leshaka.com\/wp-content\/uploads\/elementor\/thumbs\/2-1-q8a3ozm5tyzivw86r3cj5c29nsaqmr5aosv26pabio.jpg","type":"","width":"","height":""}],"twitter_card":"summary_large_image","twitter_misc":{"Tiempo de lectura":"1 minuto"},"schema":{"@context":"https:\/\/schema.org","@graph":[{"@type":"WebPage","@id":"https:\/\/www.leshaka.com\/es\/app\/bienvenue\/","url":"https:\/\/www.leshaka.com\/es\/app\/bienvenue\/","name":"Bienvenido - Le Shaka - Seignosse Plage - Le Penon","isPartOf":{"@id":"https:\/\/www.leshaka.com\/#website"},"primaryImageOfPage":{"@id":"https:\/\/www.leshaka.com\/es\/app\/bienvenue\/#primaryimage"},"image":{"@id":"https:\/\/www.leshaka.com\/es\/app\/bienvenue\/#primaryimage"},"thumbnailUrl":"https:\/\/www.leshaka.com\/wp-content\/uploads\/elementor\/thumbs\/2-1-q8a3ozm5tyzivw86r3cj5c29nsaqmr5aosv26pabio.jpg","datePublished":"2023-06-21T07:59:26+00:00","dateModified":"2023-06-26T08:14:38+00:00","breadcrumb":{"@id":"https:\/\/www.leshaka.com\/es\/app\/bienvenue\/#breadcrumb"},"inLanguage":"es","potentialAction":[{"@type":"ReadAction","target":["https:\/\/www.leshaka.com\/es\/app\/bienvenue\/"]}]},{"@type":"ImageObject","inLanguage":"es","@id":"https:\/\/www.leshaka.com\/es\/app\/bienvenue\/#primaryimage","url":"https:\/\/www.leshaka.com\/wp-content\/uploads\/elementor\/thumbs\/2-1-q8a3ozm5tyzivw86r3cj5c29nsaqmr5aosv26pabio.jpg","contentUrl":"https:\/\/www.leshaka.com\/wp-content\/uploads\/elementor\/thumbs\/2-1-q8a3ozm5tyzivw86r3cj5c29nsaqmr5aosv26pabio.jpg"},{"@type":"BreadcrumbList","@id":"https:\/\/www.leshaka.com\/es\/app\/bienvenue\/#breadcrumb","itemListElement":[{"@type":"ListItem","position":1,"name":"Accueil","item":"https:\/\/www.leshaka.com\/en\/"},{"@type":"ListItem","position":2,"name":"App","item":"https:\/\/www.leshaka.com\/es\/app\/"},{"@type":"ListItem","position":3,"name":"App Bienvenue"}]},{"@type":"WebSite","@id":"https:\/\/www.leshaka.com\/#website","url":"https:\/\/www.leshaka.com\/","name":"Le Shaka - Seignosse Plage - Le Penon","description":"Location studio meubl\u00e9 \u00e0 Seignosse Le Penon","publisher":{"@id":"https:\/\/www.leshaka.com\/#organization"},"potentialAction":[{"@type":"SearchAction","target":{"@type":"EntryPoint","urlTemplate":"https:\/\/www.leshaka.com\/?s={search_term_string}"},"query-input":{"@type":"PropertyValueSpecification","valueRequired":true,"valueName":"search_term_string"}}],"inLanguage":"es"},{"@type":"Organization","@id":"https:\/\/www.leshaka.com\/#organization","name":"Le Shaka - Seignosse Plage - Le Penon","url":"https:\/\/www.leshaka.com\/","logo":{"@type":"ImageObject","inLanguage":"es","@id":"https:\/\/www.leshaka.com\/#\/schema\/logo\/image\/","url":"https:\/\/www.leshaka.com\/wp-content\/uploads\/2022\/04\/cropped-shaka-logo.png","contentUrl":"https:\/\/www.leshaka.com\/wp-content\/uploads\/2022\/04\/cropped-shaka-logo.png","width":200,"height":58,"caption":"Le Shaka - Seignosse Plage - Le Penon"},"image":{"@id":"https:\/\/www.leshaka.com\/#\/schema\/logo\/image\/"}}]}},"_links":{"self":[{"href":"https:\/\/www.leshaka.com\/es\/wp-json\/wp\/v2\/pages\/18801","targetHints":{"allow":["GET"]}}],"collection":[{"href":"https:\/\/www.leshaka.com\/es\/wp-json\/wp\/v2\/pages"}],"about":[{"href":"https:\/\/www.leshaka.com\/es\/wp-json\/wp\/v2\/types\/page"}],"author":[{"embeddable":true,"href":"https:\/\/www.leshaka.com\/es\/wp-json\/wp\/v2\/users\/2"}],"replies":[{"embeddable":true,"href":"https:\/\/www.leshaka.com\/es\/wp-json\/wp\/v2\/comments?post=18801"}],"version-history":[{"count":12,"href":"https:\/\/www.leshaka.com\/es\/wp-json\/wp\/v2\/pages\/18801\/revisions"}],"predecessor-version":[{"id":19418,"href":"https:\/\/www.leshaka.com\/es\/wp-json\/wp\/v2\/pages\/18801\/revisions\/19418"}],"up":[{"embeddable":true,"href":"https:\/\/www.leshaka.com\/es\/wp-json\/wp\/v2\/pages\/18750"}],"wp:attachment":[{"href":"https:\/\/www.leshaka.com\/es\/wp-json\/wp\/v2\/media?parent=18801"}],"curies":[{"name":"wp","href":"https:\/\/api.w.org\/{rel}","templated":true}]}}