{"id":19219,"date":"2023-06-21T23:07:06","date_gmt":"2023-06-21T21:07:06","guid":{"rendered":"https:\/\/www.leshaka.com\/?page_id=19219"},"modified":"2023-06-26T10:22:15","modified_gmt":"2023-06-26T08:22:15","slug":"pratique","status":"publish","type":"page","link":"https:\/\/www.leshaka.com\/es\/app\/pratique\/","title":{"rendered":"App Pratique"},"content":{"rendered":"\t\t<div data-elementor-type=\"wp-page\" data-elementor-id=\"19219\" class=\"elementor elementor-19219 elementor-18181\" data-elementor-post-type=\"page\">\n\t\t\t\t\t\t<section class=\"elementor-section elementor-top-section elementor-element elementor-element-5258d09 elementor-section-boxed elementor-section-height-default elementor-section-height-default\" data-id=\"5258d09\" data-element_type=\"section\" data-settings=\"{&quot;background_background&quot;:&quot;classic&quot;}\">\n\t\t\t\t\t\t<div class=\"elementor-container elementor-column-gap-default\">\n\t\t\t\t\t<div class=\"elementor-column elementor-col-100 elementor-top-column elementor-element elementor-element-6984288\" data-id=\"6984288\" data-element_type=\"column\">\n\t\t\t<div class=\"elementor-widget-wrap elementor-element-populated\">\n\t\t\t\t\t\t<div class=\"elementor-element elementor-element-b47fe91 elementor-widget elementor-widget-text-editor\" data-id=\"b47fe91\" data-element_type=\"widget\" data-widget_type=\"text-editor.default\">\n\t\t\t\t<div class=\"elementor-widget-container\">\n\t\t\t<style>\/*! elementor - v3.21.0 - 20-05-2024 *\/\n.elementor-widget-text-editor.elementor-drop-cap-view-stacked .elementor-drop-cap{background-color:#69727d;color:#fff}.elementor-widget-text-editor.elementor-drop-cap-view-framed .elementor-drop-cap{color:#69727d;border:3px solid;background-color:transparent}.elementor-widget-text-editor:not(.elementor-drop-cap-view-default) .elementor-drop-cap{margin-top:8px}.elementor-widget-text-editor:not(.elementor-drop-cap-view-default) .elementor-drop-cap-letter{width:1em;height:1em}.elementor-widget-text-editor .elementor-drop-cap{float:left;text-align:center;line-height:1;font-size:50px}.elementor-widget-text-editor .elementor-drop-cap-letter{display:inline-block}<\/style>\t\t\t\t<h2>Informaci\u00f3n pr\u00e1ctica<\/h2>\t\t\t\t\t\t<\/div>\n\t\t\t\t<\/div>\n\t\t\t\t<div class=\"elementor-element elementor-element-bd0e2ec elementor-absolute elementor-hidden-desktop elementor-hidden-tablet elementor-view-default elementor-widget elementor-widget-icon\" data-id=\"bd0e2ec\" data-element_type=\"widget\" data-settings=\"{&quot;_position&quot;:&quot;absolute&quot;}\" data-widget_type=\"icon.default\">\n\t\t\t\t<div class=\"elementor-widget-container\">\n\t\t\t\t\t<div class=\"elementor-icon-wrapper\">\n\t\t\t<a class=\"elementor-icon\" href=\"https:\/\/www.leshaka.com\/app\">\n\t\t\t<i aria-hidden=\"true\" class=\"far fa-caret-square-left\"><\/i>\t\t\t<\/a>\n\t\t<\/div>\n\t\t\t\t<\/div>\n\t\t\t\t<\/div>\n\t\t\t\t<div class=\"elementor-element elementor-element-de8c59a elementor-absolute elementor-hidden-desktop elementor-hidden-tablet elementor-view-default elementor-widget elementor-widget-icon\" data-id=\"de8c59a\" data-element_type=\"widget\" data-settings=\"{&quot;_position&quot;:&quot;absolute&quot;}\" data-widget_type=\"icon.default\">\n\t\t\t\t<div class=\"elementor-widget-container\">\n\t\t\t\t\t<div class=\"elementor-icon-wrapper\">\n\t\t\t<a class=\"elementor-icon\" href=\"https:\/\/www.leshaka.com\/es\/app\">\n\t\t\t<i aria-hidden=\"true\" class=\"far fa-caret-square-left\"><\/i>\t\t\t<\/a>\n\t\t<\/div>\n\t\t\t\t<\/div>\n\t\t\t\t<\/div>\n\t\t\t\t\t<\/div>\n\t\t<\/div>\n\t\t\t\t\t<\/div>\n\t\t<\/section>\n\t\t\t\t<section class=\"elementor-section elementor-top-section elementor-element elementor-element-c30b01a elementor-section-boxed elementor-section-height-default elementor-section-height-default\" data-id=\"c30b01a\" data-element_type=\"section\" data-settings=\"{&quot;background_background&quot;:&quot;classic&quot;}\">\n\t\t\t\t\t\t<div class=\"elementor-container elementor-column-gap-default\">\n\t\t\t\t\t<div class=\"elementor-column elementor-col-100 elementor-top-column elementor-element elementor-element-705269f\" data-id=\"705269f\" data-element_type=\"column\">\n\t\t\t<div class=\"elementor-widget-wrap elementor-element-populated\">\n\t\t\t\t\t\t<div class=\"elementor-element elementor-element-2361712 elementor-widget elementor-widget-text-editor\" data-id=\"2361712\" data-element_type=\"widget\" data-widget_type=\"text-editor.default\">\n\t\t\t\t<div class=\"elementor-widget-container\">\n\t\t\t\t\t\t\t<h3>Entrega de comidas a domicilio<\/h3>\t\t\t\t\t\t<\/div>\n\t\t\t\t<\/div>\n\t\t\t\t<section class=\"elementor-section elementor-inner-section elementor-element elementor-element-1a805e8 elementor-section-boxed elementor-section-height-default elementor-section-height-default\" data-id=\"1a805e8\" data-element_type=\"section\">\n\t\t\t\t\t\t<div class=\"elementor-container elementor-column-gap-default\">\n\t\t\t\t\t<div class=\"elementor-column elementor-col-50 elementor-inner-column elementor-element elementor-element-b532845\" data-id=\"b532845\" data-element_type=\"column\">\n\t\t\t<div class=\"elementor-widget-wrap elementor-element-populated\">\n\t\t\t\t\t\t<div class=\"elementor-element elementor-element-5227760 elementor-widget elementor-widget-image\" data-id=\"5227760\" data-element_type=\"widget\" data-widget_type=\"image.default\">\n\t\t\t\t<div class=\"elementor-widget-container\">\n\t\t\t<style>\/*! elementor - v3.21.0 - 20-05-2024 *\/\n.elementor-widget-image{text-align:center}.elementor-widget-image a{display:inline-block}.elementor-widget-image a img[src$=\".svg\"]{width:48px}.elementor-widget-image img{vertical-align:middle;display:inline-block}<\/style>\t\t\t\t\t\t\t\t\t\t<img fetchpriority=\"high\" decoding=\"async\" width=\"800\" height=\"512\" src=\"https:\/\/www.leshaka.com\/wp-content\/uploads\/2023\/06\/TS-foodaqui-2-2.webp\" class=\"attachment-large size-large wp-image-18826\" alt=\"\" srcset=\"https:\/\/www.leshaka.com\/wp-content\/uploads\/2023\/06\/TS-foodaqui-2-2.webp 1024w, https:\/\/www.leshaka.com\/wp-content\/uploads\/2023\/06\/TS-foodaqui-2-2-300x192.webp 300w, https:\/\/www.leshaka.com\/wp-content\/uploads\/2023\/06\/TS-foodaqui-2-2-768x491.webp 768w\" sizes=\"(max-width: 800px) 100vw, 800px\" \/>\t\t\t\t\t\t\t\t\t\t\t\t\t<\/div>\n\t\t\t\t<\/div>\n\t\t\t\t\t<\/div>\n\t\t<\/div>\n\t\t\t\t<div class=\"elementor-column elementor-col-50 elementor-inner-column elementor-element elementor-element-567e6e8\" data-id=\"567e6e8\" data-element_type=\"column\">\n\t\t\t<div class=\"elementor-widget-wrap elementor-element-populated\">\n\t\t\t\t\t\t<div class=\"elementor-element elementor-element-635554e elementor-widget elementor-widget-heading\" data-id=\"635554e\" data-element_type=\"widget\" data-widget_type=\"heading.default\">\n\t\t\t\t<div class=\"elementor-widget-container\">\n\t\t\t<style>\/*! elementor - v3.21.0 - 20-05-2024 *\/\n.elementor-heading-title{padding:0;margin:0;line-height:1}.elementor-widget-heading .elementor-heading-title[class*=elementor-size-]>a{color:inherit;font-size:inherit;line-height:inherit}.elementor-widget-heading .elementor-heading-title.elementor-size-small{font-size:15px}.elementor-widget-heading .elementor-heading-title.elementor-size-medium{font-size:19px}.elementor-widget-heading .elementor-heading-title.elementor-size-large{font-size:29px}.elementor-widget-heading .elementor-heading-title.elementor-size-xl{font-size:39px}.elementor-widget-heading .elementor-heading-title.elementor-size-xxl{font-size:59px}<\/style><h2 class=\"elementor-heading-title elementor-size-default\">Foodaqui<\/h2>\t\t<\/div>\n\t\t\t\t<\/div>\n\t\t\t\t<div class=\"elementor-element elementor-element-4bbbd42 elementor-widget elementor-widget-text-editor\" data-id=\"4bbbd42\" data-element_type=\"widget\" data-widget_type=\"text-editor.default\">\n\t\t\t\t<div class=\"elementor-widget-container\">\n\t\t\t\t\t\t\t<p>Entrega de comidas a domicilio con platos de restaurantes locales.<\/p><p>\u00a1Ordena de los restaurantes que amas!<\/p><p>Comida r\u00e1pida, Pizza, Cocina mundial, Asi\u00e1tica, Oriental, Saludable<\/p><p>Pedido m\u00ednimo: 20\u20ac<\/p><p><a href=\"https:\/\/www.foodaqui.com\/store\/home\" target=\"_blank\" rel=\"noopener\">www.foodaqui.com<\/a><\/p>\t\t\t\t\t\t<\/div>\n\t\t\t\t<\/div>\n\t\t\t\t\t<\/div>\n\t\t<\/div>\n\t\t\t\t\t<\/div>\n\t\t<\/section>\n\t\t\t\t\t<\/div>\n\t\t<\/div>\n\t\t\t\t\t<\/div>\n\t\t<\/section>\n\t\t\t\t<section class=\"elementor-section elementor-top-section elementor-element elementor-element-2954fa4 elementor-section-boxed elementor-section-height-default elementor-section-height-default\" data-id=\"2954fa4\" data-element_type=\"section\" data-settings=\"{&quot;background_background&quot;:&quot;classic&quot;}\">\n\t\t\t\t\t\t<div class=\"elementor-container elementor-column-gap-default\">\n\t\t\t\t\t<div class=\"elementor-column elementor-col-100 elementor-top-column elementor-element elementor-element-a17ded0\" data-id=\"a17ded0\" data-element_type=\"column\">\n\t\t\t<div class=\"elementor-widget-wrap elementor-element-populated\">\n\t\t\t\t\t\t<div class=\"elementor-element elementor-element-1a8c4f2 elementor-widget elementor-widget-text-editor\" data-id=\"1a8c4f2\" data-element_type=\"widget\" data-widget_type=\"text-editor.default\">\n\t\t\t\t<div class=\"elementor-widget-container\">\n\t\t\t\t\t\t\t<h3>Transportes<\/h3>\t\t\t\t\t\t<\/div>\n\t\t\t\t<\/div>\n\t\t\t\t\t<\/div>\n\t\t<\/div>\n\t\t\t\t\t<\/div>\n\t\t<\/section>\n\t\t\t\t<section class=\"elementor-section elementor-top-section elementor-element elementor-element-53f1701e elementor-section-boxed elementor-section-height-default elementor-section-height-default\" data-id=\"53f1701e\" data-element_type=\"section\" data-settings=\"{&quot;background_background&quot;:&quot;classic&quot;}\">\n\t\t\t\t\t\t<div class=\"elementor-container elementor-column-gap-default\">\n\t\t\t\t\t<div class=\"elementor-column elementor-col-33 elementor-top-column elementor-element elementor-element-11708bd9\" data-id=\"11708bd9\" data-element_type=\"column\">\n\t\t\t<div class=\"elementor-widget-wrap elementor-element-populated\">\n\t\t\t\t\t\t<div class=\"elementor-element elementor-element-2cd6f37 elementor-view-default elementor-position-top elementor-mobile-position-top elementor-widget elementor-widget-icon-box\" data-id=\"2cd6f37\" data-element_type=\"widget\" data-widget_type=\"icon-box.default\">\n\t\t\t\t<div class=\"elementor-widget-container\">\n\t\t\t<link rel=\"stylesheet\" href=\"http:\/\/www.leshaka.com\/wp-content\/uploads\/elementor\/css\/custom-widget-icon-box.min.css?ver=1701965917\">\t\t<div class=\"elementor-icon-box-wrapper\">\n\n\t\t\t\t\t\t<div class=\"elementor-icon-box-icon\">\n\t\t\t\t<span  class=\"elementor-icon elementor-animation-\">\n\t\t\t\t<i aria-hidden=\"true\" class=\"fas fa-walking\"><\/i>\t\t\t\t<\/span>\n\t\t\t<\/div>\n\t\t\t\n\t\t\t\t\t\t<div class=\"elementor-icon-box-content\">\n\n\t\t\t\t\t\t\t\t\t<h3 class=\"elementor-icon-box-title\">\n\t\t\t\t\t\t<span  >\n\t\t\t\t\t\t\tA pie\t\t\t\t\t\t<\/span>\n\t\t\t\t\t<\/h3>\n\t\t\t\t\n\t\t\t\t\t\t\t\t\t<p class=\"elementor-icon-box-description\">\n\t\t\t\t\t\ttoda la estacion\nPe\u00f1\u00f3n es accesible\na pie\t\t\t\t\t<\/p>\n\t\t\t\t\n\t\t\t<\/div>\n\t\t\t\n\t\t<\/div>\n\t\t\t\t<\/div>\n\t\t\t\t<\/div>\n\t\t\t\t\t<\/div>\n\t\t<\/div>\n\t\t\t\t<div class=\"elementor-column elementor-col-33 elementor-top-column elementor-element elementor-element-38d3738b\" data-id=\"38d3738b\" data-element_type=\"column\">\n\t\t\t<div class=\"elementor-widget-wrap elementor-element-populated\">\n\t\t\t\t\t\t<div class=\"elementor-element elementor-element-6b4e321e elementor-view-default elementor-position-top elementor-mobile-position-top elementor-widget elementor-widget-icon-box\" data-id=\"6b4e321e\" data-element_type=\"widget\" data-widget_type=\"icon-box.default\">\n\t\t\t\t<div class=\"elementor-widget-container\">\n\t\t\t\t\t<div class=\"elementor-icon-box-wrapper\">\n\n\t\t\t\t\t\t<div class=\"elementor-icon-box-icon\">\n\t\t\t\t<span  class=\"elementor-icon elementor-animation-\">\n\t\t\t\t<i aria-hidden=\"true\" class=\"fas fa-bus-alt\"><\/i>\t\t\t\t<\/span>\n\t\t\t<\/div>\n\t\t\t\n\t\t\t\t\t\t<div class=\"elementor-icon-box-content\">\n\n\t\t\t\t\t\t\t\t\t<h3 class=\"elementor-icon-box-title\">\n\t\t\t\t\t\t<span  >\n\t\t\t\t\t\t\tAUTOBUS\t\t\t\t\t\t<\/span>\n\t\t\t\t\t<\/h3>\n\t\t\t\t\n\t\t\t\t\t\t\t\t\t<p class=\"elementor-icon-box-description\">\n\t\t\t\t\t\tVisitar\n<a href=https:\/\/www.mobi-macs.org\">www.mobi-macs.org<\/a>\t\t\t\t\t<\/p>\n\t\t\t\t\n\t\t\t<\/div>\n\t\t\t\n\t\t<\/div>\n\t\t\t\t<\/div>\n\t\t\t\t<\/div>\n\t\t\t\t\t<\/div>\n\t\t<\/div>\n\t\t\t\t<div class=\"elementor-column elementor-col-33 elementor-top-column elementor-element elementor-element-405cafeb\" data-id=\"405cafeb\" data-element_type=\"column\">\n\t\t\t<div class=\"elementor-widget-wrap elementor-element-populated\">\n\t\t\t\t\t\t<div class=\"elementor-element elementor-element-e41e383 elementor-view-default elementor-position-top elementor-mobile-position-top elementor-widget elementor-widget-icon-box\" data-id=\"e41e383\" data-element_type=\"widget\" data-widget_type=\"icon-box.default\">\n\t\t\t\t<div class=\"elementor-widget-container\">\n\t\t\t\t\t<div class=\"elementor-icon-box-wrapper\">\n\n\t\t\t\t\t\t<div class=\"elementor-icon-box-icon\">\n\t\t\t\t<span  class=\"elementor-icon elementor-animation-\">\n\t\t\t\t<i aria-hidden=\"true\" class=\"fas fa-taxi\"><\/i>\t\t\t\t<\/span>\n\t\t\t<\/div>\n\t\t\t\n\t\t\t\t\t\t<div class=\"elementor-icon-box-content\">\n\n\t\t\t\t\t\t\t\t\t<h3 class=\"elementor-icon-box-title\">\n\t\t\t\t\t\t<span  >\n\t\t\t\t\t\t\tTaxi\t\t\t\t\t\t<\/span>\n\t\t\t\t\t<\/h3>\n\t\t\t\t\n\t\t\t\t\t\t\t\t\t<p class=\"elementor-icon-box-description\">\n\t\t\t\t\t\t06 40 67 65 74<br \/>\nPH Taxi\t\t\t\t\t<\/p>\n\t\t\t\t\n\t\t\t<\/div>\n\t\t\t\n\t\t<\/div>\n\t\t\t\t<\/div>\n\t\t\t\t<\/div>\n\t\t\t\t\t<\/div>\n\t\t<\/div>\n\t\t\t\t\t<\/div>\n\t\t<\/section>\n\t\t\t\t<section class=\"elementor-section elementor-top-section elementor-element elementor-element-e5386ed elementor-section-boxed elementor-section-height-default elementor-section-height-default\" data-id=\"e5386ed\" data-element_type=\"section\" data-settings=\"{&quot;background_background&quot;:&quot;classic&quot;}\">\n\t\t\t\t\t\t<div class=\"elementor-container elementor-column-gap-default\">\n\t\t\t\t\t<div class=\"elementor-column elementor-col-100 elementor-top-column elementor-element elementor-element-4007bfe\" data-id=\"4007bfe\" data-element_type=\"column\">\n\t\t\t<div class=\"elementor-widget-wrap elementor-element-populated\">\n\t\t\t\t\t\t<div class=\"elementor-element elementor-element-902e71a elementor-widget elementor-widget-text-editor\" data-id=\"902e71a\" data-element_type=\"widget\" data-widget_type=\"text-editor.default\">\n\t\t\t\t<div class=\"elementor-widget-container\">\n\t\t\t\t\t\t\t<h3>N\u00fameros de emergencia<\/h3>\t\t\t\t\t\t<\/div>\n\t\t\t\t<\/div>\n\t\t\t\t\t<\/div>\n\t\t<\/div>\n\t\t\t\t\t<\/div>\n\t\t<\/section>\n\t\t\t\t<section class=\"elementor-section elementor-top-section elementor-element elementor-element-2e84e672 elementor-section-boxed elementor-section-height-default elementor-section-height-default\" data-id=\"2e84e672\" data-element_type=\"section\" data-settings=\"{&quot;background_background&quot;:&quot;classic&quot;}\">\n\t\t\t\t\t\t<div class=\"elementor-container elementor-column-gap-default\">\n\t\t\t\t\t<div class=\"elementor-column elementor-col-100 elementor-top-column elementor-element elementor-element-2814cfd9\" data-id=\"2814cfd9\" data-element_type=\"column\">\n\t\t\t<div class=\"elementor-widget-wrap elementor-element-populated\">\n\t\t\t\t\t\t<div class=\"elementor-element elementor-element-64630eb1 elementor-widget elementor-widget-image\" data-id=\"64630eb1\" data-element_type=\"widget\" data-widget_type=\"image.default\">\n\t\t\t\t<div class=\"elementor-widget-container\">\n\t\t\t\t\t\t\t\t\t\t\t\t\t<img decoding=\"async\" width=\"707\" height=\"652\" src=\"https:\/\/www.leshaka.com\/wp-content\/uploads\/2023\/06\/numero-urgence.jpg\" class=\"attachment-large size-large wp-image-17540\" alt=\"\" srcset=\"https:\/\/www.leshaka.com\/wp-content\/uploads\/2023\/06\/numero-urgence.jpg 707w, https:\/\/www.leshaka.com\/wp-content\/uploads\/2023\/06\/numero-urgence-300x277.jpg 300w\" sizes=\"(max-width: 707px) 100vw, 707px\" \/>\t\t\t\t\t\t\t\t\t\t\t\t\t<\/div>\n\t\t\t\t<\/div>\n\t\t\t\t\t<\/div>\n\t\t<\/div>\n\t\t\t\t\t<\/div>\n\t\t<\/section>\n\t\t\t\t<\/div>\n\t\t","protected":false},"excerpt":{"rendered":"<p>Informaci\u00f3n pr\u00e1ctica Entrega de comidas a domicilio Foodaqui Entrega de comidas a domicilio con platos de restaurantes locales. \u00a1Ordena de los restaurantes que amas! Comida r\u00e1pida, Pizza, Cocina mundial, Asi\u00e1tica, Oriental, Saludable Pedido m\u00ednimo: 20\u20ac www.foodaqui.com Transportes &nbsp; A pie toda la estacion Pe\u00f1\u00f3n es accesible a pie AUTOBUS Visitar www.mobi-macs.org Taxi 06 40 67 [&hellip;]<\/p>\n","protected":false},"author":2,"featured_media":0,"parent":18750,"menu_order":0,"comment_status":"closed","ping_status":"closed","template":"","meta":{"footnotes":""},"class_list":["post-19219","page","type-page","status-publish","hentry"],"yoast_head":"<!-- This site is optimized with the Yoast SEO plugin v27.5 - https:\/\/yoast.com\/product\/yoast-seo-wordpress\/ -->\n<title>Pratico - Le Shaka - Seignosse Plage - Le Penon<\/title>\n<meta name=\"robots\" content=\"index, follow, max-snippet:-1, max-image-preview:large, max-video-preview:-1\" \/>\n<link rel=\"canonical\" href=\"https:\/\/www.leshaka.com\/es\/app\/pratique\/\" \/>\n<meta property=\"og:locale\" content=\"es_ES\" \/>\n<meta property=\"og:type\" content=\"article\" \/>\n<meta property=\"og:title\" content=\"Pratico - Le Shaka - Seignosse Plage - Le Penon\" \/>\n<meta property=\"og:description\" content=\"Informaci\u00f3n pr\u00e1ctica Entrega de comidas a domicilio Foodaqui Entrega de comidas a domicilio con platos de restaurantes locales. \u00a1Ordena de los restaurantes que amas! Comida r\u00e1pida, Pizza, Cocina mundial, Asi\u00e1tica, Oriental, Saludable Pedido m\u00ednimo: 20\u20ac www.foodaqui.com Transportes &nbsp; A pie toda la estacion Pe\u00f1\u00f3n es accesible a pie AUTOBUS Visitar www.mobi-macs.org Taxi 06 40 67 [&hellip;]\" \/>\n<meta property=\"og:url\" content=\"https:\/\/www.leshaka.com\/es\/app\/pratique\/\" \/>\n<meta property=\"og:site_name\" content=\"Le Shaka - Seignosse Plage - Le Penon\" \/>\n<meta property=\"article:modified_time\" content=\"2023-06-26T08:22:15+00:00\" \/>\n<meta property=\"og:image\" content=\"https:\/\/www.leshaka.com\/wp-content\/uploads\/2023\/06\/TS-foodaqui-2-2.webp\" \/>\n<meta name=\"twitter:card\" content=\"summary_large_image\" \/>\n<meta name=\"twitter:label1\" content=\"Tiempo de lectura\" \/>\n\t<meta name=\"twitter:data1\" content=\"1 minuto\" \/>\n<script type=\"application\/ld+json\" class=\"yoast-schema-graph\">{\"@context\":\"https:\\\/\\\/schema.org\",\"@graph\":[{\"@type\":\"WebPage\",\"@id\":\"https:\\\/\\\/www.leshaka.com\\\/es\\\/app\\\/pratique\\\/\",\"url\":\"https:\\\/\\\/www.leshaka.com\\\/es\\\/app\\\/pratique\\\/\",\"name\":\"Pratico - Le Shaka - Seignosse Plage - Le Penon\",\"isPartOf\":{\"@id\":\"https:\\\/\\\/www.leshaka.com\\\/#website\"},\"primaryImageOfPage\":{\"@id\":\"https:\\\/\\\/www.leshaka.com\\\/es\\\/app\\\/pratique\\\/#primaryimage\"},\"image\":{\"@id\":\"https:\\\/\\\/www.leshaka.com\\\/es\\\/app\\\/pratique\\\/#primaryimage\"},\"thumbnailUrl\":\"https:\\\/\\\/www.leshaka.com\\\/wp-content\\\/uploads\\\/2023\\\/06\\\/TS-foodaqui-2-2.webp\",\"datePublished\":\"2023-06-21T21:07:06+00:00\",\"dateModified\":\"2023-06-26T08:22:15+00:00\",\"breadcrumb\":{\"@id\":\"https:\\\/\\\/www.leshaka.com\\\/es\\\/app\\\/pratique\\\/#breadcrumb\"},\"inLanguage\":\"es\",\"potentialAction\":[{\"@type\":\"ReadAction\",\"target\":[\"https:\\\/\\\/www.leshaka.com\\\/es\\\/app\\\/pratique\\\/\"]}]},{\"@type\":\"ImageObject\",\"inLanguage\":\"es\",\"@id\":\"https:\\\/\\\/www.leshaka.com\\\/es\\\/app\\\/pratique\\\/#primaryimage\",\"url\":\"https:\\\/\\\/www.leshaka.com\\\/wp-content\\\/uploads\\\/2023\\\/06\\\/TS-foodaqui-2-2.webp\",\"contentUrl\":\"https:\\\/\\\/www.leshaka.com\\\/wp-content\\\/uploads\\\/2023\\\/06\\\/TS-foodaqui-2-2.webp\"},{\"@type\":\"BreadcrumbList\",\"@id\":\"https:\\\/\\\/www.leshaka.com\\\/es\\\/app\\\/pratique\\\/#breadcrumb\",\"itemListElement\":[{\"@type\":\"ListItem\",\"position\":1,\"name\":\"Accueil\",\"item\":\"https:\\\/\\\/www.leshaka.com\\\/en\\\/\"},{\"@type\":\"ListItem\",\"position\":2,\"name\":\"App\",\"item\":\"https:\\\/\\\/www.leshaka.com\\\/es\\\/app\\\/\"},{\"@type\":\"ListItem\",\"position\":3,\"name\":\"App Pratique\"}]},{\"@type\":\"WebSite\",\"@id\":\"https:\\\/\\\/www.leshaka.com\\\/#website\",\"url\":\"https:\\\/\\\/www.leshaka.com\\\/\",\"name\":\"Le Shaka - Seignosse Plage - Le Penon\",\"description\":\"Location studio meubl\u00e9 \u00e0 Seignosse Le Penon\",\"publisher\":{\"@id\":\"https:\\\/\\\/www.leshaka.com\\\/#organization\"},\"potentialAction\":[{\"@type\":\"SearchAction\",\"target\":{\"@type\":\"EntryPoint\",\"urlTemplate\":\"https:\\\/\\\/www.leshaka.com\\\/?s={search_term_string}\"},\"query-input\":{\"@type\":\"PropertyValueSpecification\",\"valueRequired\":true,\"valueName\":\"search_term_string\"}}],\"inLanguage\":\"es\"},{\"@type\":\"Organization\",\"@id\":\"https:\\\/\\\/www.leshaka.com\\\/#organization\",\"name\":\"Le Shaka - Seignosse Plage - Le Penon\",\"url\":\"https:\\\/\\\/www.leshaka.com\\\/\",\"logo\":{\"@type\":\"ImageObject\",\"inLanguage\":\"es\",\"@id\":\"https:\\\/\\\/www.leshaka.com\\\/#\\\/schema\\\/logo\\\/image\\\/\",\"url\":\"https:\\\/\\\/www.leshaka.com\\\/wp-content\\\/uploads\\\/2022\\\/04\\\/cropped-shaka-logo.png\",\"contentUrl\":\"https:\\\/\\\/www.leshaka.com\\\/wp-content\\\/uploads\\\/2022\\\/04\\\/cropped-shaka-logo.png\",\"width\":200,\"height\":58,\"caption\":\"Le Shaka - Seignosse Plage - Le Penon\"},\"image\":{\"@id\":\"https:\\\/\\\/www.leshaka.com\\\/#\\\/schema\\\/logo\\\/image\\\/\"}}]}<\/script>\n<!-- \/ Yoast SEO plugin. -->","yoast_head_json":{"title":"Pratico - Le Shaka - Seignosse Plage - Le Penon","robots":{"index":"index","follow":"follow","max-snippet":"max-snippet:-1","max-image-preview":"max-image-preview:large","max-video-preview":"max-video-preview:-1"},"canonical":"https:\/\/www.leshaka.com\/es\/app\/pratique\/","og_locale":"es_ES","og_type":"article","og_title":"Pratico - Le Shaka - Seignosse Plage - Le Penon","og_description":"Informaci\u00f3n pr\u00e1ctica Entrega de comidas a domicilio Foodaqui Entrega de comidas a domicilio con platos de restaurantes locales. \u00a1Ordena de los restaurantes que amas! Comida r\u00e1pida, Pizza, Cocina mundial, Asi\u00e1tica, Oriental, Saludable Pedido m\u00ednimo: 20\u20ac www.foodaqui.com Transportes &nbsp; A pie toda la estacion Pe\u00f1\u00f3n es accesible a pie AUTOBUS Visitar www.mobi-macs.org Taxi 06 40 67 [&hellip;]","og_url":"https:\/\/www.leshaka.com\/es\/app\/pratique\/","og_site_name":"Le Shaka - Seignosse Plage - Le Penon","article_modified_time":"2023-06-26T08:22:15+00:00","og_image":[{"url":"https:\/\/www.leshaka.com\/wp-content\/uploads\/2023\/06\/TS-foodaqui-2-2.webp","type":"","width":"","height":""}],"twitter_card":"summary_large_image","twitter_misc":{"Tiempo de lectura":"1 minuto"},"schema":{"@context":"https:\/\/schema.org","@graph":[{"@type":"WebPage","@id":"https:\/\/www.leshaka.com\/es\/app\/pratique\/","url":"https:\/\/www.leshaka.com\/es\/app\/pratique\/","name":"Pratico - Le Shaka - Seignosse Plage - Le Penon","isPartOf":{"@id":"https:\/\/www.leshaka.com\/#website"},"primaryImageOfPage":{"@id":"https:\/\/www.leshaka.com\/es\/app\/pratique\/#primaryimage"},"image":{"@id":"https:\/\/www.leshaka.com\/es\/app\/pratique\/#primaryimage"},"thumbnailUrl":"https:\/\/www.leshaka.com\/wp-content\/uploads\/2023\/06\/TS-foodaqui-2-2.webp","datePublished":"2023-06-21T21:07:06+00:00","dateModified":"2023-06-26T08:22:15+00:00","breadcrumb":{"@id":"https:\/\/www.leshaka.com\/es\/app\/pratique\/#breadcrumb"},"inLanguage":"es","potentialAction":[{"@type":"ReadAction","target":["https:\/\/www.leshaka.com\/es\/app\/pratique\/"]}]},{"@type":"ImageObject","inLanguage":"es","@id":"https:\/\/www.leshaka.com\/es\/app\/pratique\/#primaryimage","url":"https:\/\/www.leshaka.com\/wp-content\/uploads\/2023\/06\/TS-foodaqui-2-2.webp","contentUrl":"https:\/\/www.leshaka.com\/wp-content\/uploads\/2023\/06\/TS-foodaqui-2-2.webp"},{"@type":"BreadcrumbList","@id":"https:\/\/www.leshaka.com\/es\/app\/pratique\/#breadcrumb","itemListElement":[{"@type":"ListItem","position":1,"name":"Accueil","item":"https:\/\/www.leshaka.com\/en\/"},{"@type":"ListItem","position":2,"name":"App","item":"https:\/\/www.leshaka.com\/es\/app\/"},{"@type":"ListItem","position":3,"name":"App Pratique"}]},{"@type":"WebSite","@id":"https:\/\/www.leshaka.com\/#website","url":"https:\/\/www.leshaka.com\/","name":"Le Shaka - Seignosse Plage - Le Penon","description":"Location studio meubl\u00e9 \u00e0 Seignosse Le Penon","publisher":{"@id":"https:\/\/www.leshaka.com\/#organization"},"potentialAction":[{"@type":"SearchAction","target":{"@type":"EntryPoint","urlTemplate":"https:\/\/www.leshaka.com\/?s={search_term_string}"},"query-input":{"@type":"PropertyValueSpecification","valueRequired":true,"valueName":"search_term_string"}}],"inLanguage":"es"},{"@type":"Organization","@id":"https:\/\/www.leshaka.com\/#organization","name":"Le Shaka - Seignosse Plage - Le Penon","url":"https:\/\/www.leshaka.com\/","logo":{"@type":"ImageObject","inLanguage":"es","@id":"https:\/\/www.leshaka.com\/#\/schema\/logo\/image\/","url":"https:\/\/www.leshaka.com\/wp-content\/uploads\/2022\/04\/cropped-shaka-logo.png","contentUrl":"https:\/\/www.leshaka.com\/wp-content\/uploads\/2022\/04\/cropped-shaka-logo.png","width":200,"height":58,"caption":"Le Shaka - Seignosse Plage - Le Penon"},"image":{"@id":"https:\/\/www.leshaka.com\/#\/schema\/logo\/image\/"}}]}},"_links":{"self":[{"href":"https:\/\/www.leshaka.com\/es\/wp-json\/wp\/v2\/pages\/19219","targetHints":{"allow":["GET"]}}],"collection":[{"href":"https:\/\/www.leshaka.com\/es\/wp-json\/wp\/v2\/pages"}],"about":[{"href":"https:\/\/www.leshaka.com\/es\/wp-json\/wp\/v2\/types\/page"}],"author":[{"embeddable":true,"href":"https:\/\/www.leshaka.com\/es\/wp-json\/wp\/v2\/users\/2"}],"replies":[{"embeddable":true,"href":"https:\/\/www.leshaka.com\/es\/wp-json\/wp\/v2\/comments?post=19219"}],"version-history":[{"count":9,"href":"https:\/\/www.leshaka.com\/es\/wp-json\/wp\/v2\/pages\/19219\/revisions"}],"predecessor-version":[{"id":19428,"href":"https:\/\/www.leshaka.com\/es\/wp-json\/wp\/v2\/pages\/19219\/revisions\/19428"}],"up":[{"embeddable":true,"href":"https:\/\/www.leshaka.com\/es\/wp-json\/wp\/v2\/pages\/18750"}],"wp:attachment":[{"href":"https:\/\/www.leshaka.com\/es\/wp-json\/wp\/v2\/media?parent=19219"}],"curies":[{"name":"wp","href":"https:\/\/api.w.org\/{rel}","templated":true}]}}