{"id":19231,"date":"2023-06-20T17:27:16","date_gmt":"2023-06-20T15:27:16","guid":{"rendered":"https:\/\/www.leshaka.com\/?page_id=19231"},"modified":"2023-06-26T10:22:51","modified_gmt":"2023-06-26T08:22:51","slug":"votre-depart","status":"publish","type":"page","link":"https:\/\/www.leshaka.com\/es\/app\/votre-depart\/","title":{"rendered":"App votre d\u00e9part"},"content":{"rendered":"\t\t<div data-elementor-type=\"wp-page\" data-elementor-id=\"19231\" class=\"elementor elementor-19231 elementor-17451\" data-elementor-post-type=\"page\">\n\t\t\t\t\t\t<section class=\"elementor-section elementor-top-section elementor-element elementor-element-aff510c elementor-section-boxed elementor-section-height-default elementor-section-height-default\" data-id=\"aff510c\" data-element_type=\"section\" data-settings=\"{&quot;background_background&quot;:&quot;classic&quot;}\">\n\t\t\t\t\t\t<div class=\"elementor-container elementor-column-gap-default\">\n\t\t\t\t\t<div class=\"elementor-column elementor-col-100 elementor-top-column elementor-element elementor-element-9fee05a\" data-id=\"9fee05a\" data-element_type=\"column\">\n\t\t\t<div class=\"elementor-widget-wrap elementor-element-populated\">\n\t\t\t\t\t\t<div class=\"elementor-element elementor-element-aaadff3 elementor-widget elementor-widget-text-editor\" data-id=\"aaadff3\" data-element_type=\"widget\" data-widget_type=\"text-editor.default\">\n\t\t\t\t<div class=\"elementor-widget-container\">\n\t\t\t<style>\/*! elementor - v3.21.0 - 20-05-2024 *\/\n.elementor-widget-text-editor.elementor-drop-cap-view-stacked .elementor-drop-cap{background-color:#69727d;color:#fff}.elementor-widget-text-editor.elementor-drop-cap-view-framed .elementor-drop-cap{color:#69727d;border:3px solid;background-color:transparent}.elementor-widget-text-editor:not(.elementor-drop-cap-view-default) .elementor-drop-cap{margin-top:8px}.elementor-widget-text-editor:not(.elementor-drop-cap-view-default) .elementor-drop-cap-letter{width:1em;height:1em}.elementor-widget-text-editor .elementor-drop-cap{float:left;text-align:center;line-height:1;font-size:50px}.elementor-widget-text-editor .elementor-drop-cap-letter{display:inline-block}<\/style>\t\t\t\t<h2>Marchando&#8230;<\/h2>\t\t\t\t\t\t<\/div>\n\t\t\t\t<\/div>\n\t\t\t\t<div class=\"elementor-element elementor-element-2df9563 elementor-absolute elementor-hidden-desktop elementor-hidden-tablet elementor-view-default elementor-widget elementor-widget-icon\" data-id=\"2df9563\" data-element_type=\"widget\" data-settings=\"{&quot;_position&quot;:&quot;absolute&quot;}\" data-widget_type=\"icon.default\">\n\t\t\t\t<div class=\"elementor-widget-container\">\n\t\t\t\t\t<div class=\"elementor-icon-wrapper\">\n\t\t\t<a class=\"elementor-icon\" href=\"https:\/\/www.leshaka.com\/es\/app\">\n\t\t\t<i aria-hidden=\"true\" class=\"far fa-caret-square-left\"><\/i>\t\t\t<\/a>\n\t\t<\/div>\n\t\t\t\t<\/div>\n\t\t\t\t<\/div>\n\t\t\t\t\t<\/div>\n\t\t<\/div>\n\t\t\t\t\t<\/div>\n\t\t<\/section>\n\t\t\t\t<section class=\"elementor-section elementor-top-section elementor-element elementor-element-986b8f2 elementor-section-boxed elementor-section-height-default elementor-section-height-default\" data-id=\"986b8f2\" data-element_type=\"section\" data-settings=\"{&quot;background_background&quot;:&quot;classic&quot;}\">\n\t\t\t\t\t\t<div class=\"elementor-container elementor-column-gap-default\">\n\t\t\t\t\t<div class=\"elementor-column elementor-col-33 elementor-top-column elementor-element elementor-element-7ea79be\" data-id=\"7ea79be\" data-element_type=\"column\">\n\t\t\t<div class=\"elementor-widget-wrap\">\n\t\t\t\t\t\t\t<\/div>\n\t\t<\/div>\n\t\t\t\t<div class=\"elementor-column elementor-col-33 elementor-top-column elementor-element elementor-element-e5d6020\" data-id=\"e5d6020\" data-element_type=\"column\">\n\t\t\t<div class=\"elementor-widget-wrap elementor-element-populated\">\n\t\t\t\t\t\t<div class=\"elementor-element elementor-element-b61a893 elementor-icon-list--layout-traditional elementor-list-item-link-full_width elementor-widget elementor-widget-icon-list\" data-id=\"b61a893\" data-element_type=\"widget\" data-widget_type=\"icon-list.default\">\n\t\t\t\t<div class=\"elementor-widget-container\">\n\t\t\t<link rel=\"stylesheet\" href=\"https:\/\/www.leshaka.com\/wp-content\/uploads\/elementor\/css\/custom-widget-icon-list.min.css?ver=1701965961\">\t\t<ul class=\"elementor-icon-list-items\">\n\t\t\t\t\t\t\t<li class=\"elementor-icon-list-item\">\n\t\t\t\t\t\t\t\t\t\t\t<span class=\"elementor-icon-list-icon\">\n\t\t\t\t\t\t\t<i aria-hidden=\"true\" class=\"fas fa-check\"><\/i>\t\t\t\t\t\t<\/span>\n\t\t\t\t\t\t\t\t\t\t<span class=\"elementor-icon-list-text\">Colocar las s\u00e1banas y las toallas en una esquina.<\/span>\n\t\t\t\t\t\t\t\t\t<\/li>\n\t\t\t\t\t\t\t\t<li class=\"elementor-icon-list-item\">\n\t\t\t\t\t\t\t\t\t\t\t<span class=\"elementor-icon-list-icon\">\n\t\t\t\t\t\t\t<i aria-hidden=\"true\" class=\"fas fa-check\"><\/i>\t\t\t\t\t\t<\/span>\n\t\t\t\t\t\t\t\t\t\t<span class=\"elementor-icon-list-text\">Vaciar el refrigerador y organizar la cocina.<\/span>\n\t\t\t\t\t\t\t\t\t<\/li>\n\t\t\t\t\t\t\t\t<li class=\"elementor-icon-list-item\">\n\t\t\t\t\t\t\t\t\t\t\t<span class=\"elementor-icon-list-icon\">\n\t\t\t\t\t\t\t<i aria-hidden=\"true\" class=\"fas fa-check\"><\/i>\t\t\t\t\t\t<\/span>\n\t\t\t\t\t\t\t\t\t\t<span class=\"elementor-icon-list-text\">Pasar la aspiradora.<\/span>\n\t\t\t\t\t\t\t\t\t<\/li>\n\t\t\t\t\t\t\t\t<li class=\"elementor-icon-list-item\">\n\t\t\t\t\t\t\t\t\t\t\t<span class=\"elementor-icon-list-icon\">\n\t\t\t\t\t\t\t<i aria-hidden=\"true\" class=\"fas fa-check\"><\/i>\t\t\t\t\t\t<\/span>\n\t\t\t\t\t\t\t\t\t\t<span class=\"elementor-icon-list-text\">Vaciar los contenedores de basura (cocina + ba\u00f1o)<\/span>\n\t\t\t\t\t\t\t\t\t<\/li>\n\t\t\t\t\t\t\t\t<li class=\"elementor-icon-list-item\">\n\t\t\t\t\t\t\t\t\t\t\t<span class=\"elementor-icon-list-icon\">\n\t\t\t\t\t\t\t<i aria-hidden=\"true\" class=\"fas fa-check\"><\/i>\t\t\t\t\t\t<\/span>\n\t\t\t\t\t\t\t\t\t\t<span class=\"elementor-icon-list-text\">Asegurarse de que los radiadores est\u00e9n apagados.<\/span>\n\t\t\t\t\t\t\t\t\t<\/li>\n\t\t\t\t\t\t\t\t<li class=\"elementor-icon-list-item\">\n\t\t\t\t\t\t\t\t\t\t\t<span class=\"elementor-icon-list-icon\">\n\t\t\t\t\t\t\t<i aria-hidden=\"true\" class=\"fas fa-check\"><\/i>\t\t\t\t\t\t<\/span>\n\t\t\t\t\t\t\t\t\t\t<span class=\"elementor-icon-list-text\">Depositar las llaves en el buz\u00f3n de llaves.<\/span>\n\t\t\t\t\t\t\t\t\t<\/li>\n\t\t\t\t\t\t<\/ul>\n\t\t\t\t<\/div>\n\t\t\t\t<\/div>\n\t\t\t\t\t<\/div>\n\t\t<\/div>\n\t\t\t\t<div class=\"elementor-column elementor-col-33 elementor-top-column elementor-element elementor-element-58ec99b\" data-id=\"58ec99b\" data-element_type=\"column\">\n\t\t\t<div class=\"elementor-widget-wrap\">\n\t\t\t\t\t\t\t<\/div>\n\t\t<\/div>\n\t\t\t\t\t<\/div>\n\t\t<\/section>\n\t\t\t\t<section class=\"elementor-section elementor-top-section elementor-element elementor-element-28e525f elementor-section-boxed elementor-section-height-default elementor-section-height-default\" data-id=\"28e525f\" data-element_type=\"section\" data-settings=\"{&quot;background_background&quot;:&quot;classic&quot;}\">\n\t\t\t\t\t\t<div class=\"elementor-container elementor-column-gap-default\">\n\t\t\t\t\t<div class=\"elementor-column elementor-col-100 elementor-top-column elementor-element elementor-element-8a646df\" data-id=\"8a646df\" data-element_type=\"column\">\n\t\t\t<div class=\"elementor-widget-wrap elementor-element-populated\">\n\t\t\t\t\t\t<div class=\"elementor-element elementor-element-361fcdf elementor-widget elementor-widget-text-editor\" data-id=\"361fcdf\" data-element_type=\"widget\" data-widget_type=\"text-editor.default\">\n\t\t\t\t<div class=\"elementor-widget-container\">\n\t\t\t\t\t\t\t<p>Si disfrut\u00f3 de su estad\u00eda, comparta su experiencia en Google Maps.<\/p>\t\t\t\t\t\t<\/div>\n\t\t\t\t<\/div>\n\t\t\t\t<div class=\"elementor-element elementor-element-d200f4e elementor-widget elementor-widget-heading\" data-id=\"d200f4e\" data-element_type=\"widget\" data-widget_type=\"heading.default\">\n\t\t\t\t<div class=\"elementor-widget-container\">\n\t\t\t<style>\/*! elementor - v3.21.0 - 20-05-2024 *\/\n.elementor-heading-title{padding:0;margin:0;line-height:1}.elementor-widget-heading .elementor-heading-title[class*=elementor-size-]>a{color:inherit;font-size:inherit;line-height:inherit}.elementor-widget-heading .elementor-heading-title.elementor-size-small{font-size:15px}.elementor-widget-heading .elementor-heading-title.elementor-size-medium{font-size:19px}.elementor-widget-heading .elementor-heading-title.elementor-size-large{font-size:29px}.elementor-widget-heading .elementor-heading-title.elementor-size-xl{font-size:39px}.elementor-widget-heading .elementor-heading-title.elementor-size-xxl{font-size:59px}<\/style><div class=\"elementor-heading-title elementor-size-default\">Gracias )<\/div>\t\t<\/div>\n\t\t\t\t<\/div>\n\t\t\t\t<div class=\"elementor-element elementor-element-7195ceb elementor-align-center elementor-widget elementor-widget-button\" data-id=\"7195ceb\" data-element_type=\"widget\" data-widget_type=\"button.default\">\n\t\t\t\t<div class=\"elementor-widget-container\">\n\t\t\t\t\t<div class=\"elementor-button-wrapper\">\n\t\t\t<a class=\"elementor-button elementor-button-link elementor-size-lg\" href=\"https:\/\/g.page\/r\/CcL50M6DZGETEB0\/review\" target=\"_blank\">\n\t\t\t\t\t\t<span class=\"elementor-button-content-wrapper\">\n\t\t\t\t\t\t<span class=\"elementor-button-icon elementor-align-icon-left\">\n\t\t\t\t<i aria-hidden=\"true\" class=\"fab fa-rocketchat\"><\/i>\t\t\t<\/span>\n\t\t\t\t\t\t\t\t\t<span class=\"elementor-button-text\">Escribir una rese\u00f1a ><\/span>\n\t\t\t\t\t<\/span>\n\t\t\t\t\t<\/a>\n\t\t<\/div>\n\t\t\t\t<\/div>\n\t\t\t\t<\/div>\n\t\t\t\t\t<\/div>\n\t\t<\/div>\n\t\t\t\t\t<\/div>\n\t\t<\/section>\n\t\t\t\t<\/div>\n\t\t","protected":false},"excerpt":{"rendered":"<p>Marchando&#8230; Colocar las s\u00e1banas y las toallas en una esquina. Vaciar el refrigerador y organizar la cocina. Pasar la aspiradora. Vaciar los contenedores de basura (cocina + ba\u00f1o) Asegurarse de que los radiadores est\u00e9n apagados. Depositar las llaves en el buz\u00f3n de llaves. Si disfrut\u00f3 de su estad\u00eda, comparta su experiencia en Google Maps. Gracias [&hellip;]<\/p>\n","protected":false},"author":2,"featured_media":0,"parent":18750,"menu_order":0,"comment_status":"closed","ping_status":"closed","template":"","meta":{"footnotes":""},"class_list":["post-19231","page","type-page","status-publish","hentry"],"yoast_head":"<!-- This site is optimized with the Yoast SEO plugin v27.5 - https:\/\/yoast.com\/product\/yoast-seo-wordpress\/ -->\n<title>Tu partida - Le Shaka - Seignosse Plage - Le Penon<\/title>\n<meta name=\"robots\" content=\"index, follow, max-snippet:-1, max-image-preview:large, max-video-preview:-1\" \/>\n<link rel=\"canonical\" href=\"https:\/\/www.leshaka.com\/es\/app\/votre-depart\/\" \/>\n<meta property=\"og:locale\" content=\"es_ES\" \/>\n<meta property=\"og:type\" content=\"article\" \/>\n<meta property=\"og:title\" content=\"Tu partida - Le Shaka - Seignosse Plage - Le Penon\" \/>\n<meta property=\"og:description\" content=\"Marchando&#8230; Colocar las s\u00e1banas y las toallas en una esquina. Vaciar el refrigerador y organizar la cocina. Pasar la aspiradora. Vaciar los contenedores de basura (cocina + ba\u00f1o) Asegurarse de que los radiadores est\u00e9n apagados. Depositar las llaves en el buz\u00f3n de llaves. Si disfrut\u00f3 de su estad\u00eda, comparta su experiencia en Google Maps. Gracias [&hellip;]\" \/>\n<meta property=\"og:url\" content=\"https:\/\/www.leshaka.com\/es\/app\/votre-depart\/\" \/>\n<meta property=\"og:site_name\" content=\"Le Shaka - Seignosse Plage - Le Penon\" \/>\n<meta property=\"article:modified_time\" content=\"2023-06-26T08:22:51+00:00\" \/>\n<meta name=\"twitter:card\" content=\"summary_large_image\" \/>\n<meta name=\"twitter:label1\" content=\"Tiempo de lectura\" \/>\n\t<meta name=\"twitter:data1\" content=\"1 minuto\" \/>\n<script type=\"application\/ld+json\" class=\"yoast-schema-graph\">{\"@context\":\"https:\\\/\\\/schema.org\",\"@graph\":[{\"@type\":\"WebPage\",\"@id\":\"https:\\\/\\\/www.leshaka.com\\\/es\\\/app\\\/votre-depart\\\/\",\"url\":\"https:\\\/\\\/www.leshaka.com\\\/es\\\/app\\\/votre-depart\\\/\",\"name\":\"Tu partida - Le Shaka - Seignosse Plage - Le Penon\",\"isPartOf\":{\"@id\":\"https:\\\/\\\/www.leshaka.com\\\/#website\"},\"datePublished\":\"2023-06-20T15:27:16+00:00\",\"dateModified\":\"2023-06-26T08:22:51+00:00\",\"breadcrumb\":{\"@id\":\"https:\\\/\\\/www.leshaka.com\\\/es\\\/app\\\/votre-depart\\\/#breadcrumb\"},\"inLanguage\":\"es\",\"potentialAction\":[{\"@type\":\"ReadAction\",\"target\":[\"https:\\\/\\\/www.leshaka.com\\\/es\\\/app\\\/votre-depart\\\/\"]}]},{\"@type\":\"BreadcrumbList\",\"@id\":\"https:\\\/\\\/www.leshaka.com\\\/es\\\/app\\\/votre-depart\\\/#breadcrumb\",\"itemListElement\":[{\"@type\":\"ListItem\",\"position\":1,\"name\":\"Accueil\",\"item\":\"https:\\\/\\\/www.leshaka.com\\\/en\\\/\"},{\"@type\":\"ListItem\",\"position\":2,\"name\":\"App\",\"item\":\"https:\\\/\\\/www.leshaka.com\\\/es\\\/app\\\/\"},{\"@type\":\"ListItem\",\"position\":3,\"name\":\"App votre d\u00e9part\"}]},{\"@type\":\"WebSite\",\"@id\":\"https:\\\/\\\/www.leshaka.com\\\/#website\",\"url\":\"https:\\\/\\\/www.leshaka.com\\\/\",\"name\":\"Le Shaka - Seignosse Plage - Le Penon\",\"description\":\"Location studio meubl\u00e9 \u00e0 Seignosse Le Penon\",\"publisher\":{\"@id\":\"https:\\\/\\\/www.leshaka.com\\\/#organization\"},\"potentialAction\":[{\"@type\":\"SearchAction\",\"target\":{\"@type\":\"EntryPoint\",\"urlTemplate\":\"https:\\\/\\\/www.leshaka.com\\\/?s={search_term_string}\"},\"query-input\":{\"@type\":\"PropertyValueSpecification\",\"valueRequired\":true,\"valueName\":\"search_term_string\"}}],\"inLanguage\":\"es\"},{\"@type\":\"Organization\",\"@id\":\"https:\\\/\\\/www.leshaka.com\\\/#organization\",\"name\":\"Le Shaka - Seignosse Plage - Le Penon\",\"url\":\"https:\\\/\\\/www.leshaka.com\\\/\",\"logo\":{\"@type\":\"ImageObject\",\"inLanguage\":\"es\",\"@id\":\"https:\\\/\\\/www.leshaka.com\\\/#\\\/schema\\\/logo\\\/image\\\/\",\"url\":\"https:\\\/\\\/www.leshaka.com\\\/wp-content\\\/uploads\\\/2022\\\/04\\\/cropped-shaka-logo.png\",\"contentUrl\":\"https:\\\/\\\/www.leshaka.com\\\/wp-content\\\/uploads\\\/2022\\\/04\\\/cropped-shaka-logo.png\",\"width\":200,\"height\":58,\"caption\":\"Le Shaka - Seignosse Plage - Le Penon\"},\"image\":{\"@id\":\"https:\\\/\\\/www.leshaka.com\\\/#\\\/schema\\\/logo\\\/image\\\/\"}}]}<\/script>\n<!-- \/ Yoast SEO plugin. -->","yoast_head_json":{"title":"Tu partida - Le Shaka - Seignosse Plage - Le Penon","robots":{"index":"index","follow":"follow","max-snippet":"max-snippet:-1","max-image-preview":"max-image-preview:large","max-video-preview":"max-video-preview:-1"},"canonical":"https:\/\/www.leshaka.com\/es\/app\/votre-depart\/","og_locale":"es_ES","og_type":"article","og_title":"Tu partida - Le Shaka - Seignosse Plage - Le Penon","og_description":"Marchando&#8230; Colocar las s\u00e1banas y las toallas en una esquina. Vaciar el refrigerador y organizar la cocina. Pasar la aspiradora. Vaciar los contenedores de basura (cocina + ba\u00f1o) Asegurarse de que los radiadores est\u00e9n apagados. Depositar las llaves en el buz\u00f3n de llaves. Si disfrut\u00f3 de su estad\u00eda, comparta su experiencia en Google Maps. Gracias [&hellip;]","og_url":"https:\/\/www.leshaka.com\/es\/app\/votre-depart\/","og_site_name":"Le Shaka - Seignosse Plage - Le Penon","article_modified_time":"2023-06-26T08:22:51+00:00","twitter_card":"summary_large_image","twitter_misc":{"Tiempo de lectura":"1 minuto"},"schema":{"@context":"https:\/\/schema.org","@graph":[{"@type":"WebPage","@id":"https:\/\/www.leshaka.com\/es\/app\/votre-depart\/","url":"https:\/\/www.leshaka.com\/es\/app\/votre-depart\/","name":"Tu partida - Le Shaka - Seignosse Plage - Le Penon","isPartOf":{"@id":"https:\/\/www.leshaka.com\/#website"},"datePublished":"2023-06-20T15:27:16+00:00","dateModified":"2023-06-26T08:22:51+00:00","breadcrumb":{"@id":"https:\/\/www.leshaka.com\/es\/app\/votre-depart\/#breadcrumb"},"inLanguage":"es","potentialAction":[{"@type":"ReadAction","target":["https:\/\/www.leshaka.com\/es\/app\/votre-depart\/"]}]},{"@type":"BreadcrumbList","@id":"https:\/\/www.leshaka.com\/es\/app\/votre-depart\/#breadcrumb","itemListElement":[{"@type":"ListItem","position":1,"name":"Accueil","item":"https:\/\/www.leshaka.com\/en\/"},{"@type":"ListItem","position":2,"name":"App","item":"https:\/\/www.leshaka.com\/es\/app\/"},{"@type":"ListItem","position":3,"name":"App votre d\u00e9part"}]},{"@type":"WebSite","@id":"https:\/\/www.leshaka.com\/#website","url":"https:\/\/www.leshaka.com\/","name":"Le Shaka - Seignosse Plage - Le Penon","description":"Location studio meubl\u00e9 \u00e0 Seignosse Le Penon","publisher":{"@id":"https:\/\/www.leshaka.com\/#organization"},"potentialAction":[{"@type":"SearchAction","target":{"@type":"EntryPoint","urlTemplate":"https:\/\/www.leshaka.com\/?s={search_term_string}"},"query-input":{"@type":"PropertyValueSpecification","valueRequired":true,"valueName":"search_term_string"}}],"inLanguage":"es"},{"@type":"Organization","@id":"https:\/\/www.leshaka.com\/#organization","name":"Le Shaka - Seignosse Plage - Le Penon","url":"https:\/\/www.leshaka.com\/","logo":{"@type":"ImageObject","inLanguage":"es","@id":"https:\/\/www.leshaka.com\/#\/schema\/logo\/image\/","url":"https:\/\/www.leshaka.com\/wp-content\/uploads\/2022\/04\/cropped-shaka-logo.png","contentUrl":"https:\/\/www.leshaka.com\/wp-content\/uploads\/2022\/04\/cropped-shaka-logo.png","width":200,"height":58,"caption":"Le Shaka - Seignosse Plage - Le Penon"},"image":{"@id":"https:\/\/www.leshaka.com\/#\/schema\/logo\/image\/"}}]}},"_links":{"self":[{"href":"https:\/\/www.leshaka.com\/es\/wp-json\/wp\/v2\/pages\/19231","targetHints":{"allow":["GET"]}}],"collection":[{"href":"https:\/\/www.leshaka.com\/es\/wp-json\/wp\/v2\/pages"}],"about":[{"href":"https:\/\/www.leshaka.com\/es\/wp-json\/wp\/v2\/types\/page"}],"author":[{"embeddable":true,"href":"https:\/\/www.leshaka.com\/es\/wp-json\/wp\/v2\/users\/2"}],"replies":[{"embeddable":true,"href":"https:\/\/www.leshaka.com\/es\/wp-json\/wp\/v2\/comments?post=19231"}],"version-history":[{"count":9,"href":"https:\/\/www.leshaka.com\/es\/wp-json\/wp\/v2\/pages\/19231\/revisions"}],"predecessor-version":[{"id":19429,"href":"https:\/\/www.leshaka.com\/es\/wp-json\/wp\/v2\/pages\/19231\/revisions\/19429"}],"up":[{"embeddable":true,"href":"https:\/\/www.leshaka.com\/es\/wp-json\/wp\/v2\/pages\/18750"}],"wp:attachment":[{"href":"https:\/\/www.leshaka.com\/es\/wp-json\/wp\/v2\/media?parent=19231"}],"curies":[{"name":"wp","href":"https:\/\/api.w.org\/{rel}","templated":true}]}}